{"id":1320,"date":"2016-04-27T18:08:45","date_gmt":"2016-04-27T22:08:45","guid":{"rendered":"http:\/\/accessprotection1.com\/?page_id=1320&#038;lang=fr"},"modified":"2026-04-09T09:57:35","modified_gmt":"2026-04-09T13:57:35","slug":"pourquoi-access","status":"publish","type":"page","link":"https:\/\/accessprotection1.com\/fr\/pourquoi-access\/","title":{"rendered":"Pourquoi Access\u2009?"},"content":{"rendered":"<h1 class=\"tve_p_center\">Pourquoi choisir Access Protection<\/h1>\n<p><span class=\"tve_image_frame\"><img decoding=\"async\" class=\"tve_image\" style=\"width: 1040px;\" src=\"https:\/\/accessprotection1.com\/wp-content\/uploads\/2016\/06\/why-ap-fr-1.jpg\" alt=\"access protection\" width=\"1040\" height=\"350\" title=\"\"><\/span><\/p>\n<h4 class=\"tve_p_center\">Nous avons cr\u00e9\u00e9 Access Protection pour fournir des solutions de pellicules de vitres personnalis\u00e9es qui r\u00e9pondent aux besoins de nos clients.<\/h4>\n<p style=\"margin-top: 20px !important;\">\u00c9tabli depuis 2007, Access Protection a compl\u00e9t\u00e9 des projets dans presque tous les endroits possibles, de travaux de grande envergure dans des sites diff\u00e9rents \u00e0 des exigences pour une seule fen\u00eatre. Notre \u00e9quipe hautement qualifi\u00e9e est form\u00e9e et assur\u00e9e pour travailler en hauteur, ce qui signifie que vous pouvez vous y fier pour une installation remarquable, peu importe le lieu.<\/p>\n<p>Chez Access Protection, nous avons la passion d&rsquo;amener sur le march\u00e9 des id\u00e9es et designs transformatifs et des pellicules de vitres qui ont un effet positif sur la vie des gens. Nos \u00e9quipes de projets incluent diff\u00e9rentes \u00e9quipes d&rsquo;ajustement qualifi\u00e9es et exp\u00e9riment\u00e9es pour livrer les plus hauts standards d&rsquo;installation possible, peu importe l&rsquo;endroit o\u00f9 vous \u00eates au pays.<\/p>\n<p><span class=\"tve_image_frame\"><img decoding=\"async\" class=\"tve_image\" style=\"width: 200px;\" src=\"https:\/\/accessprotection1.com\/wp-content\/uploads\/2016\/04\/0d479ec.jpg\" alt=\"Robert bileadeau\" width=\"200\" height=\"200\" title=\"\"><\/span><\/p>\n<p class=\"tve_p_center\" style=\"margin-bottom: 0px !important;\"><span class=\"bold_text\">Robert Brideau<\/span><\/p>\n<p class=\"tve_p_center\" style=\"margin-bottom: 0px !important;\">President<\/p>\n<p><strong>Nous installons des pellicules de vitres dans les types d&rsquo;\u00e9difices ou d&rsquo;espaces suivants : <\/strong>\u2022 \u00c9difices commerciaux\u2022 Bureaux individuels et salles de conf\u00e9rence\u2022 Gratte-ciels\u2022 Concessionnaires automobiles qui ont de grandes fen\u00eatres dans leurs salles d\u2019exposition\u2022 Maisons et chalets<\/p>\n<p><span class=\"bold_text\">Nous collaborons avec nos clients pour cr\u00e9er des installations de pellicules de vitres qui r\u00e9duiront les co\u00fbts d&rsquo;\u00e9nergie en gardant les temp\u00e9ratures plus stables.<\/span><\/p>\n<h2 class=\"rft bold_text\" style=\"color: #424242; margin-bottom: 0px !important;\">Demandez \u00e0 un expert :<\/h2>\n<p style=\"color: #424242;\">Nous pouvons vous aider \u00e0 choisir la bonne option de pellicule de vitre<\/p>\n<p><a class=\"\" style=\"text-decoration: none; font-size: 20px;\" href=\"\/free-estimate\/\">APPELEZ-NOUS D\u00c8S AUJOURD&rsquo;HUI POUR UNE ESTIMATION GRATUITE<\/a><span style=\"font-size: 26px; font-weight: bold;\"><a class=\"hov\" style=\"margin-top: 40px; text-decoration: none;\" href=\"tel:289-769-9507\">289.769.9507<\/a> | <a class=\"hov\" style=\"margin-top: 40px; text-decoration: none;\" href=\"tel:514.616.2900\">514.616.2900<\/a><\/span><\/p>\n","protected":false},"excerpt":{"rendered":"<p>Pourquoi choisir Access Protection Nous avons cr\u00e9\u00e9 Access Protection pour fournir des solutions de pellicules de vitres personnalis\u00e9es qui r\u00e9pondent aux besoins de nos clients. \u00c9tabli depuis 2007, Access Protection a compl\u00e9t\u00e9 des projets dans presque tous les endroits possibles, de travaux de grande envergure dans des sites diff\u00e9rents \u00e0 des exigences pour une seule [&hellip;]<\/p>\n","protected":false},"author":1,"featured_media":0,"parent":0,"menu_order":8,"comment_status":"closed","ping_status":"closed","template":"","meta":{"footnotes":"","tve_updated_post":"<div class=\"thrv_paste_content thrv_wrapper tve_empty_dropzone\"><div class=\"thrv_wrapper thrv_heading\" data-tag=\"h1\"><h1 class=\"tve_p_center\">Pourquoi choisir Access Protection<\/h1><\/div><\/div><div style=\"width: 1040px\" class=\"thrv_wrapper tve_image_caption\">\n<span class=\"tve_image_frame\">\n<img class=\"tve_image\" alt=\"access protection\" src=\"https:\/\/accessprotection1.com\/wp-content\/uploads\/2016\/06\/why-ap-fr-1.jpg\" style=\"width: 1040px\" width=\"1040\" height=\"350\">\n<\/span>\n<\/div><div class=\"thrv_wrapper thrv_heading\" data-tag=\"h4\"><h4 class=\"tve_p_center\">Nous avons cr\u00e9\u00e9 Access Protection pour fournir des solutions de pellicules de vitres personnalis\u00e9es qui r\u00e9pondent aux besoins de nos clients.<\/h4><\/div><div class=\"thrv_paste_content thrv_wrapper tve_empty_dropzone\"><div class=\"thrv_wrapper thrv_text_element tve_empty_dropzone\"><p style=\"margin-top: 20px !important;\">\u00c9tabli depuis 2007, Access Protection a compl\u00e9t\u00e9 des projets dans presque tous les endroits possibles, de travaux de grande envergure dans des sites diff\u00e9rents \u00e0 des exigences pour une seule fen\u00eatre. Notre \u00e9quipe hautement qualifi\u00e9e est form\u00e9e et assur\u00e9e pour travailler en hauteur, ce qui signifie que vous pouvez vous y fier pour une installation remarquable, peu importe le lieu.<\/p><p>Chez Access Protection, nous avons la passion d'amener sur le march\u00e9 des id\u00e9es et designs transformatifs et des pellicules de vitres qui ont un effet positif sur la vie des gens. Nos \u00e9quipes de projets incluent diff\u00e9rentes \u00e9quipes d'ajustement qualifi\u00e9es et exp\u00e9riment\u00e9es pour livrer les plus hauts standards d'installation possible, peu importe l'endroit o\u00f9 vous \u00eates au pays.<\/p><\/div><\/div><div class=\"thrv_paste_content thrv_wrapper\"><\/div><div class=\"thrv_wrapper thrv_columns tve_clearfix\">\n<div class=\"tve_colm tve_oth tve_empty_dropzone\"><div style=\"width: 200px; margin-top: 40px !important;\" class=\"thrv_wrapper tve_image_caption aligncenter img_style_circle\">\n<span class=\"tve_image_frame\">\n<img class=\"tve_image\" alt=\"Robert bileadeau\" src=\"https:\/\/accessprotection1.com\/wp-content\/uploads\/2016\/04\/0d479ec.jpg\" style=\"width: 200px\" width=\"200\" height=\"200\">\n<\/span>\n<\/div><div class=\"thrv_wrapper thrv_text_element tve_empty_dropzone\"><p class=\"tve_p_center\" style=\"margin-bottom: 0px !important;\"><span class=\"bold_text\">Robert Brideau<\/span><\/p><p class=\"tve_p_center\" style=\"margin-bottom: 0px !important;\">President<\/p><\/div><\/div>\n<div class=\"tve_colm tve_tth tve_lst tve_empty_dropzone\"><div class=\"tve_wp_shortcode thrv_wrapper\"><div class=\"tve_shortcode_raw\" style=\"display: none\">___TVE_SHORTCODE_RAW__<strong>Nous installons des pellicules de vitres dans les types d'\u00e9difices ou d'espaces suivants : <\/strong>\n\u2022 \u00c9difices commerciaux\n\u2022 Bureaux individuels et salles de conf\u00e9rence\n\u2022 Gratte-ciels\n\u2022 Concessionnaires automobiles qui ont de grandes fen\u00eatres dans leurs salles d\u2019exposition\n\u2022 Maisons et chalets__TVE_SHORTCODE_RAW___<\/div><\/div><div class=\"thrv_paste_content thrv_wrapper tve_empty_dropzone\"><div class=\"thrv_wrapper thrv_text_element tve_empty_dropzone\"><p><span class=\"bold_text\">Nous collaborons avec nos clients pour cr\u00e9er des installations de pellicules de vitres qui r\u00e9duiront les co\u00fbts d'\u00e9nergie en gardant les temp\u00e9ratures plus stables.<\/span><\/p><\/div><\/div><\/div>\n<\/div><div class=\"thrv_wrapper thrv_page_section\" data-tve-style=\"1\" style=\"margin-bottom: -21px !important; margin-top: 20px !important;\">\n<div class=\"pswr out\" style=\"background-image: url(&quot;https:\/\/accessprotection1.com\/wp-content\/themes\/minus\/images\/patterns\/retina_wood.png&quot;); background-repeat: repeat;\" data-tve-custom-colour=\"85581437\">\n<div class=\"in darkSec pddbg\" style=\"box-sizing: border-box; background-image: url(&quot;\/\/accessprotection1.com\/wp-content\/uploads\/2017\/08\/Orange-cta.jpg&quot;); max-width: 1603px; box-shadow: rgba(0, 0, 0, 0) 0px 0px 8px 4px inset, rgba(0, 0, 0, 0) 0px 0px 7px 3px; padding: 0px !important;\" data-width=\"1920\" data-height=\"200\">\n<div class=\"cck tve_clearfix tve_empty_dropzone\">\n<div class=\"thrv_wrapper thrv-columns\"><div class=\"tcb-flex-row tcb--cols--2\">\n<div class=\"tcb-flex-col tve_empty_dropzone\"><div class=\"tcb-col tve_empty_dropzone\"><div class=\"thrv_paste_content thrv_wrapper tve_empty_dropzone\"><div class=\"thrv_wrapper thrv_text_element tve_empty_dropzone\"><h2 class=\"rft bold_text\" style=\"color: rgb(66, 66, 66); margin-bottom: 0px !important;\"><span class=\"bold_text\"><\/span><font color=\"#424242\">Demandez \u00e0 un expert :<\/font><\/h2><p style=\"color: rgb(66, 66, 66);\">Nous pouvons vous aider \u00e0 choisir la bonne option de pellicule de vitre<\/p><\/div><\/div><\/div><\/div>\n<div class=\"tcb-flex-col tve_empty_dropzone\"><div class=\"tcb-col tve_empty_dropzone\"><div class=\"thrv_paste_content thrv_wrapper\"><\/div><div class=\"thrv_wrapper thrv_custom_html_shortcode on_hover\" style=\"margin-top: 0px !important; margin-bottom: 0px !important; padding-top: 10px !important;\"><div id=\"ctabox\">\n<a href=\"\/free-estimate\/\" style=\"text-decoration:none;font-size:20px\" class=\"\">APPELEZ-NOUS D\u00c8S AUJOURD'HUI POUR UNE ESTIMATION GRATUITE<\/a><br>\n<span style=\"font-size:26px;font-weight:bold;\"><a onclick=\"gtag('event', 'click', {'event_category': 'Footer Phone Number', 'event_label': 'Phone Number Clicked', 'value': '0'});\" class=\"hov\" style=\"margin-top: 40px;text-decoration:none;\" href=\"tel:289-769-9507\">289.769.9507<\/a> | <a onclick=\"gtag('event', 'click', {'event_category': 'Footer Phone Number', 'event_label': 'Phone Number Clicked', 'value': '0'});\" class=\"hov\" style=\"margin-top: 40px;text-decoration:none;\" href=\"tel:514.616.2900\">514.616.2900<\/a><\/span>\n<\/div><\/div><\/div><\/div>\n<\/div><\/div>\n<\/div>\n<\/div>\n<\/div>\n<\/div>","tve_custom_css":"[data-tve-custom-colour=\"85581437\"] { box-shadow: rgba(0, 0, 0, 0) 0px 0px 8px 4px inset, rgba(0, 0, 0, 0) 0px 0px 7px 3px !important; border-color: rgb(24, 24, 24) !important; }","tve_user_custom_css":"","tve_globals":{"e":"1","font_cls":[]},"tcb2_ready":1,"tcb_editor_enabled":1,"tve_landing_page":"","_tve_header":"","_tve_footer":""},"class_list":["post-1320","page","type-page","status-publish","hentry"],"_links":{"self":[{"href":"https:\/\/accessprotection1.com\/fr\/wp-json\/wp\/v2\/pages\/1320","targetHints":{"allow":["GET"]}}],"collection":[{"href":"https:\/\/accessprotection1.com\/fr\/wp-json\/wp\/v2\/pages"}],"about":[{"href":"https:\/\/accessprotection1.com\/fr\/wp-json\/wp\/v2\/types\/page"}],"author":[{"embeddable":true,"href":"https:\/\/accessprotection1.com\/fr\/wp-json\/wp\/v2\/users\/1"}],"replies":[{"embeddable":true,"href":"https:\/\/accessprotection1.com\/fr\/wp-json\/wp\/v2\/comments?post=1320"}],"version-history":[{"count":1,"href":"https:\/\/accessprotection1.com\/fr\/wp-json\/wp\/v2\/pages\/1320\/revisions"}],"predecessor-version":[{"id":2249,"href":"https:\/\/accessprotection1.com\/fr\/wp-json\/wp\/v2\/pages\/1320\/revisions\/2249"}],"wp:attachment":[{"href":"https:\/\/accessprotection1.com\/fr\/wp-json\/wp\/v2\/media?parent=1320"}],"curies":[{"name":"wp","href":"https:\/\/api.w.org\/{rel}","templated":true}]}}