{"id":1395,"date":"2016-04-26T16:01:41","date_gmt":"2016-04-26T20:01:41","guid":{"rendered":"http:\/\/accessprotection1.com\/?page_id=1395&#038;lang=fr"},"modified":"2026-05-13T10:19:37","modified_gmt":"2026-05-13T14:19:37","slug":"contactez-nous","status":"publish","type":"page","link":"https:\/\/accessprotection1.com\/fr\/contactez-nous\/","title":{"rendered":"Joindre"},"content":{"rendered":"<h1 style=\"line-height: 52.93px; margin-bottom: 0px !important; margin-top: 5px !important;\">Sp\u00e9cialiste en pellicules pour fen\u00eatres<\/h1>\n<h4 style=\"line-height: 52.93px; margin-bottom: 0px !important; margin-top: 5px !important;\">Vous \u00eates invit\u00e9s \u00e0 nous contacter de la mani\u00e8re qui vous convient le mieux.<\/h4>\n<p style=\"font-size: 30px; line-height: 50px; margin-bottom: 10px !important;\"><span style=\"font-size: 20px;\">Notre personnel est \u00e0 votre disposition pour r\u00e9pondre \u00e0 toutes questions.<\/span><\/p>\n<h3>Sans frais : <a href=\"tel:1-855-694-6810\" onclick=\"gtag('event', 'click', {'event_category': 'Contact Page 1855', 'event_label': 'Phone Clicked', 'value': '0'});\">1-855-694-6810<\/a><\/h3>\n<h5><span>Bureau \u00e0 Montr\u00e9al<\/span><\/h5>\n<p><span style=\"font-size: 24px;\"><br \/>Access Protection Solutions<br \/>6500 Route Transcanadienne, #4\u200b00<br \/>Pointe-Claire, QC, H9R 0A5<br \/>Canada<\/span><\/p>\n<p><a href=\"tel:(514) 616-2900\" style=\"color:#000;font-size:24px !important;text-decoration:none;text-align:center !important;margin:0 auto;\" onclick=\"gtag('event', 'click', {'event_category': 'Contact Page 514', 'event_label': 'Phone Clicked', 'value': '0'});\">R\u00e9gional (514) 616-2900 <\/a><\/p>\n<h5>Bureau \u00e0 Oakville<\/h5>\n<p><span style=\"font-size: 24px;\"><br \/>Access Protection Solutions<br \/>760 Pacific Rd, #1A <br \/>Oakville, ON, L6L 6M5<br \/>Canada<\/span><\/p>\n<p><a href=\"tel:(289) 769-9507\" style=\"font-size:24px !important;color:#000;text-align:center !important;margin:0 auto;\" onclick=\"gtag('event', 'click', {'event_category': 'Contact Page Oaville', 'event_label': 'Phone Clicked', 'value': '0'});\">R\u00e9gional : (289) 769-9507 <\/a><\/p>\n<h6 style=\"color: rgb(21, 21, 21); margin-bottom: 5px !important;\">La meilleure fa\u00e7on de commencer votre prochain projet est de remplir le questionnaire ci-dessous<\/h6>\n<p>Ces informations nous permettront de mieux vous aider<\/p>\n<p>  [tcb-script type=\u00a0\u00bbtext\/javascript\u00a0\u00bb] var ifr = document.getElementById(\u00ab\u00a0JotFormIFrame-72634555908263\u00a0\u00bb); if(window.location.href &amp;&amp; window.location.href.indexOf(\u00ab\u00a0?\u00a0\u00bb) &gt; -1) { var get = window.location.href.substr(window.location.href.indexOf(\u00ab\u00a0?\u00a0\u00bb) + 1); if(ifr &amp;&amp; get.length &gt; 0) { var src = ifr.src; src = src.indexOf(\u00ab\u00a0?\u00a0\u00bb) &gt; -1 ? src + \u00ab\u00a0&amp;\u00a0\u00bb + get : src + \u00ab\u00a0?\u00a0\u00bb + get; ifr.src = src; } } window.handleIFrameMessage = function(e) { var args = e.data.split(\u00ab\u00a0:\u00a0\u00bb); if (args.length &gt; 2) { iframe = document.getElementById(\u00ab\u00a0JotFormIFrame-\u00a0\u00bb + args[2]); } else { iframe = document.getElementById(\u00ab\u00a0JotFormIFrame\u00a0\u00bb); } if (!iframe) return; switch (args[0]) { case \u00ab\u00a0scrollIntoView\u00a0\u00bb: iframe.scrollIntoView(); break; case \u00ab\u00a0setHeight\u00a0\u00bb: iframe.style.height = args[1] + \u00ab\u00a0px\u00a0\u00bb; break; case \u00ab\u00a0collapseErrorPage\u00a0\u00bb: if (iframe.clientHeight &gt; window.innerHeight) { iframe.style.height = window.innerHeight + \u00ab\u00a0px\u00a0\u00bb; } break; case \u00ab\u00a0reloadPage\u00a0\u00bb: window.location.reload(); break; } var isJotForm = (e.origin.indexOf(\u00ab\u00a0jotform\u00a0\u00bb) &gt; -1) ? true : false; if(isJotForm &amp;&amp; \u00ab\u00a0contentWindow\u00a0\u00bb in iframe &amp;&amp; \u00ab\u00a0postMessage\u00a0\u00bb in iframe.contentWindow) { var urls = {\u00ab\u00a0docurl\u00a0\u00bb:encodeURIComponent(document.URL),\u00a0\u00bbreferrer\u00a0\u00bb:encodeURIComponent(document.referrer)}; iframe.contentWindow.postMessage(JSON.stringify({\u00ab\u00a0type\u00a0\u00bb:\u00a0\u00bburls\u00a0\u00bb,\u00a0\u00bbvalue\u00a0\u00bb:urls}), \u00ab\u00a0*\u00a0\u00bb); } }; if (window.addEventListener) { window.addEventListener(\u00ab\u00a0message\u00a0\u00bb, handleIFrameMessage, false); } else if (window.attachEvent) { window.attachEvent(\u00ab\u00a0onmessage\u00a0\u00bb, handleIFrameMessage); } [\/tcb-script]Access Protection Solutions travaille avec les clients r\u00e9sidentiels et commerciaux \u00e0 travers Canada. Nous vendons et installons des pellicules solaires, des pellicules de s\u00e9curit\u00e9 et des pellicules contre oiseaux. Si vous avez des questions \u00e0 propos de nos pellicules pour fen\u00eatres ou nos services, nous vous invitons \u00e0 communiquer avec nous. Il nous fera un plaisir de r\u00e9pondre \u00e0 vos questions. Sachez que vous pouvez toujours nous appeler directement au 1-855-694-6810.<\/p>\n","protected":false},"excerpt":{"rendered":"<p>Sp\u00e9cialiste en pellicules pour fen\u00eatres Vous \u00eates invit\u00e9s \u00e0 nous contacter de la mani\u00e8re qui vous convient le mieux. Notre personnel est \u00e0 votre disposition pour r\u00e9pondre \u00e0 toutes questions. Sans frais : 1-855-694-6810 Bureau \u00e0 Montr\u00e9al Access Protection Solutions6500 Route Transcanadienne, #4\u200b00Pointe-Claire, QC, H9R 0A5Canada R\u00e9gional (514) 616-2900 Bureau \u00e0 Oakville Access Protection Solutions760 [&hellip;]<\/p>\n","protected":false},"author":1,"featured_media":1637,"parent":0,"menu_order":9,"comment_status":"closed","ping_status":"closed","template":"fullwidth-page.php","meta":{"footnotes":"","tve_updated_post":"<div class=\"thrv_wrapper thrv_content_container_shortcode\">\n<div class=\"tve_clear\"><\/div>\n<div class=\"tve_center tve_content_inner tve_empty_dropzone\" style=\"min-width: 50px; min-height: 2em; width: 1126px;\">\n<div class=\"thrv_wrapper thrv_text_element tve_empty_dropzone\"><h1 class=\"tve_p_center rft\" style=\"line-height: 52.93px; margin-bottom: 0px !important; margin-top: 5px !important;\">Sp\u00e9cialiste en pellicules pour fen\u00eatres<\/h1><h4 class=\"tve_p_center rft\" style=\"line-height: 52.93px; margin-bottom: 0px !important; margin-top: 5px !important;\">Vous \u00eates invit\u00e9s \u00e0 nous contacter de la mani\u00e8re qui vous convient le mieux.<\/h4><p class=\"tve_p_center\" style=\"font-size: 30px; line-height: 50px; margin-bottom: 10px !important;\"><span class=\"tve_custom_font_size\" style=\"font-size: 20px;\">Notre personnel est \u00e0 votre disposition pour r\u00e9pondre \u00e0 toutes questions.<\/span><\/p><\/div><div class=\"thrv_wrapper thrv_custom_html_shortcode\"><h3 class=\"tve_p_center\">Sans frais : <a href=\"tel:1-855-694-6810\" onclick=\"gtag('event', 'click', {'event_category': 'Contact Page 1855', 'event_label': 'Phone Clicked', 'value': '0'});\">1-855-694-6810<\/a><\/h3><\/div><div class=\"thrv_wrapper thrv_columns\">\n<div class=\"tve_colm tve_twc tve_empty_dropzone\"><div class=\"thrv_wrapper thrv_text_element tve_empty_dropzone\"><h5 class=\"tve_p_center\"><span class=\"bold_text\">Bureau \u00e0 Montr\u00e9al<\/span><\/h5><p class=\"tve_p_center\"><span class=\"tve_custom_font_size\" style=\"font-size: 24px;\"><br>Access Protection Solutions<br>6500 Route Transcanadienne, #400<br>Pointe-Claire, QC, H9R 0A5<br>Canada<\/span><\/p><\/div><div class=\"thrv_wrapper thrv_custom_html_shortcode\" data-css=\"tve-u-165c8d78f7e\" style=\"\"><a href=\"tel:(514) 616-2900\" style=\"color:#000;font-size:24px !important;text-decoration:none;text-align:center !important;margin:0 auto;\" onclick=\"gtag('event', 'click', {'event_category': 'Contact Page 514', 'event_label': 'Phone Clicked', 'value': '0'});\">R\u00e9gional (514) 616-2900 <\/a><\/div><\/div>\n<div class=\"tve_colm tve_twc tve_lst tve_empty_dropzone\"><div class=\"thrv_wrapper thrv_text_element tve_empty_dropzone\"><h5 class=\"bold_text tve_p_center\">Bureau \u00e0 Oakville<\/h5><p class=\"tve_p_center\"><span class=\"tve_custom_font_size\" style=\"font-size: 24px;\"><br>Access Protection Solutions<br>760 Pacific Rd, #1A <br>Oakville, ON, L6L 6M5<br>Canada<\/span><\/p><\/div><div class=\"thrv_wrapper thrv_custom_html_shortcode\" data-css=\"tve-u-165c8d78f7e\" style=\"\"><a href=\"tel:(289) 769-9507\" style=\"font-size:24px !important;color:#000;text-align:center !important;margin:0 auto;\" onclick=\"gtag('event', 'click', {'event_category': 'Contact Page Oaville', 'event_label': 'Phone Clicked', 'value': '0'});\">R\u00e9gional : (289) 769-9507 <\/a><\/div><\/div>\n<\/div>\n<\/div>\n<div class=\"tve_clear\"><\/div>\n<\/div><div class=\"thrv_wrapper thrv_text_element tve_empty_dropzone\"><h6 class=\"tve_p_center\" style=\"color: rgb(21, 21, 21); margin-bottom: 5px !important;\">La meilleure fa\u00e7on de commencer votre prochain projet est de remplir le questionnaire ci-dessous<\/h6><p class=\"tve_p_center\"><font color=\"#151515\">Ces informations nous permettront de mieux vous aider<\/font><\/p><\/div><div class=\"thrv_wrapper thrv_custom_html_shortcode\"><iframe id=\"JotFormIFrame-72634555908263\" onload=\"window.parent.scrollTo(0,0)\" allowtransparency=\"true\" src=\"https:\/\/form.jotform.com\/72634555908263\" style=\"width: 1px; min-width: 100%; height:539px; border:none;\" scrolling=\"no\" frameborder=\"0\"> <\/iframe> <code class=\"tve_js_placeholder\">[tcb-script type=\"text\/javascript\"] var ifr = document.getElementById(\"JotFormIFrame-72634555908263\"); if(window.location.href &amp;&amp; window.location.href.indexOf(\"?\") &gt; -1) { var get = window.location.href.substr(window.location.href.indexOf(\"?\") + 1); if(ifr &amp;&amp; get.length &gt; 0) { var src = ifr.src; src = src.indexOf(\"?\") &gt; -1 ? src + \"&amp;\" + get : src + \"?\" + get; ifr.src = src; } } window.handleIFrameMessage = function(e) { var args = e.data.split(\":\"); if (args.length &gt; 2) { iframe = document.getElementById(\"JotFormIFrame-\" + args[2]); } else { iframe = document.getElementById(\"JotFormIFrame\"); } if (!iframe) return; switch (args[0]) { case \"scrollIntoView\": iframe.scrollIntoView(); break; case \"setHeight\": iframe.style.height = args[1] + \"px\"; break; case \"collapseErrorPage\": if (iframe.clientHeight &gt; window.innerHeight) { iframe.style.height = window.innerHeight + \"px\"; } break; case \"reloadPage\": window.location.reload(); break; } var isJotForm = (e.origin.indexOf(\"jotform\") &gt; -1) ? true : false; if(isJotForm &amp;&amp; \"contentWindow\" in iframe &amp;&amp; \"postMessage\" in iframe.contentWindow) { var urls = {\"docurl\":encodeURIComponent(document.URL),\"referrer\":encodeURIComponent(document.referrer)}; iframe.contentWindow.postMessage(JSON.stringify({\"type\":\"urls\",\"value\":urls}), \"*\"); } }; if (window.addEventListener) { window.addEventListener(\"message\", handleIFrameMessage, false); } else if (window.attachEvent) { window.attachEvent(\"onmessage\", handleIFrameMessage); } [\/tcb-script]<\/code><div class=\"tve_iframe_cover\"><\/div><div class=\"tve_iframe_cover\"><\/div><div class=\"tve_iframe_cover\"><\/div><div class=\"tve_iframe_cover\"><\/div><div class=\"tve_iframe_cover\"><\/div><div class=\"tve_iframe_cover\"><\/div>\nAccess Protection Solutions travaille avec les clients r\u00e9sidentiels et commerciaux \u00e0 travers Canada. Nous vendons et installons des pellicules solaires, des pellicules de s\u00e9curit\u00e9 et des pellicules contre oiseaux. Si vous avez des questions \u00e0 propos de nos pellicules pour fen\u00eatres ou nos services, nous vous invitons \u00e0 communiquer avec nous. Il nous fera un plaisir de r\u00e9pondre \u00e0 vos questions. Sachez que vous pouvez toujours nous appeler directement au 1-855-694-6810.<div class=\"tve_iframe_cover\"><\/div><\/div>","tve_custom_css":"@media (min-width: 300px){[data-css=\"tve-u-165c8d78f7e\"] { display: block; }}","tve_user_custom_css":"","tve_globals":{"e":"1","font_cls":[]},"tcb2_ready":1,"tcb_editor_enabled":1,"tve_landing_page":"","_tve_header":"","_tve_footer":""},"class_list":["post-1395","page","type-page","status-publish","has-post-thumbnail","hentry"],"_links":{"self":[{"href":"https:\/\/accessprotection1.com\/fr\/wp-json\/wp\/v2\/pages\/1395","targetHints":{"allow":["GET"]}}],"collection":[{"href":"https:\/\/accessprotection1.com\/fr\/wp-json\/wp\/v2\/pages"}],"about":[{"href":"https:\/\/accessprotection1.com\/fr\/wp-json\/wp\/v2\/types\/page"}],"author":[{"embeddable":true,"href":"https:\/\/accessprotection1.com\/fr\/wp-json\/wp\/v2\/users\/1"}],"replies":[{"embeddable":true,"href":"https:\/\/accessprotection1.com\/fr\/wp-json\/wp\/v2\/comments?post=1395"}],"version-history":[{"count":3,"href":"https:\/\/accessprotection1.com\/fr\/wp-json\/wp\/v2\/pages\/1395\/revisions"}],"predecessor-version":[{"id":2270,"href":"https:\/\/accessprotection1.com\/fr\/wp-json\/wp\/v2\/pages\/1395\/revisions\/2270"}],"wp:featuredmedia":[{"embeddable":true,"href":"https:\/\/accessprotection1.com\/fr\/wp-json\/wp\/v2\/media\/1637"}],"wp:attachment":[{"href":"https:\/\/accessprotection1.com\/fr\/wp-json\/wp\/v2\/media?parent=1395"}],"curies":[{"name":"wp","href":"https:\/\/api.w.org\/{rel}","templated":true}]}}