{"id":1577,"date":"2017-09-06T14:47:50","date_gmt":"2017-09-06T18:47:50","guid":{"rendered":"http:\/\/accessprotection1.com\/contact-us-thank-you\/"},"modified":"2019-07-03T13:42:48","modified_gmt":"2019-07-03T17:42:48","slug":"contact-merci","status":"publish","type":"page","link":"https:\/\/accessprotection1.com\/fr\/contactez-nous\/contact-merci\/","title":{"rendered":"Joindre Merci"},"content":{"rendered":"<h1 class=\"tve_p_center\">Merci d&rsquo;avoir contact\u00e9 Access Protection Solutions<\/h1>\n<p><span class=\"tve_image_frame\"><img decoding=\"async\" class=\"tve_image\" alt=\"access protection\" src=\"https:\/\/accessprotection1.com\/wp-content\/uploads\/2016\/06\/why-ap-fr-1.jpg\" style=\"width: 1040px\" width=\"1040\" height=\"350\" title=\"\"><\/span><\/p>\n<h4 class=\"tve_p_center\">Nous avons re\u00e7u votre soumission en ligne. Permettez-nous jusqu&rsquo;\u00e0 12 heures pour que l&rsquo;un de nos agents r\u00e9ponde avec vous.<\/h4>\n","protected":false},"excerpt":{"rendered":"<p>Merci d&rsquo;avoir contact\u00e9 Access Protection Solutions Nous avons re\u00e7u votre soumission en ligne. Permettez-nous jusqu&rsquo;\u00e0 12 heures pour que l&rsquo;un de nos agents r\u00e9ponde avec vous.<\/p>\n","protected":false},"author":1,"featured_media":0,"parent":1395,"menu_order":0,"comment_status":"closed","ping_status":"closed","template":"","meta":{"footnotes":""},"class_list":["post-1577","page","type-page","status-publish","hentry"],"_links":{"self":[{"href":"https:\/\/accessprotection1.com\/fr\/wp-json\/wp\/v2\/pages\/1577","targetHints":{"allow":["GET"]}}],"collection":[{"href":"https:\/\/accessprotection1.com\/fr\/wp-json\/wp\/v2\/pages"}],"about":[{"href":"https:\/\/accessprotection1.com\/fr\/wp-json\/wp\/v2\/types\/page"}],"author":[{"embeddable":true,"href":"https:\/\/accessprotection1.com\/fr\/wp-json\/wp\/v2\/users\/1"}],"replies":[{"embeddable":true,"href":"https:\/\/accessprotection1.com\/fr\/wp-json\/wp\/v2\/comments?post=1577"}],"version-history":[{"count":0,"href":"https:\/\/accessprotection1.com\/fr\/wp-json\/wp\/v2\/pages\/1577\/revisions"}],"up":[{"embeddable":true,"href":"https:\/\/accessprotection1.com\/fr\/wp-json\/wp\/v2\/pages\/1395"}],"wp:attachment":[{"href":"https:\/\/accessprotection1.com\/fr\/wp-json\/wp\/v2\/media?parent=1577"}],"curies":[{"name":"wp","href":"https:\/\/api.w.org\/{rel}","templated":true}]}}