{"id":1580,"date":"2017-08-14T14:22:06","date_gmt":"2017-08-14T18:22:06","guid":{"rendered":"http:\/\/accessprotection1.com\/free-estimate\/"},"modified":"2019-07-03T13:39:20","modified_gmt":"2019-07-03T17:39:20","slug":"estimation-gratuite","status":"publish","type":"page","link":"https:\/\/accessprotection1.com\/fr\/estimation-gratuite\/","title":{"rendered":"Estimation Gratuite"},"content":{"rendered":"<h1 style=\"font-size: 16px; margin-top: 50px !important; margin-bottom: 5px !important;\"><span style=\"font-size: 50px;\">Estimation gratuite<\/span><\/h1>\n<h4 style=\"line-height: 52.93px; margin-bottom: 0px !important; margin-top: 5px !important;\">Nous vous invitons \u00e0 nous contacter de la mani\u00e8re qui vous convient le mieux.<\/h4>\n<h3>Sans frais: 1 855 694 6810 ou Local: 514-616-2900<\/h3>\n<p>\u200b<\/p>\n<p>   [tcb-script type=\u00a0\u00bbtext\/javascript\u00a0\u00bb] var ifr = document.getElementById(\u00ab\u00a0JotFormIFrame-72674565908268\u00a0\u00bb); if(window.location.href &amp;&amp; window.location.href.indexOf(\u00ab\u00a0?\u00a0\u00bb) &gt; -1) { var get = window.location.href.substr(window.location.href.indexOf(\u00ab\u00a0?\u00a0\u00bb) + 1); if(ifr &amp;&amp; get.length &gt; 0) { var src = ifr.src; src = src.indexOf(\u00ab\u00a0?\u00a0\u00bb) &gt; -1 ? src + \u00ab\u00a0&amp;\u00a0\u00bb + get : src + \u00ab\u00a0?\u00a0\u00bb + get; ifr.src = src; } } window.handleIFrameMessage = function(e) { var args = e.data.split(\u00ab\u00a0:\u00a0\u00bb); if (args.length &gt; 2) { iframe = document.getElementById(\u00ab\u00a0JotFormIFrame-\u00a0\u00bb + args[2]); } else { iframe = document.getElementById(\u00ab\u00a0JotFormIFrame\u00a0\u00bb); } if (!iframe) return; switch (args[0]) { case \u00ab\u00a0scrollIntoView\u00a0\u00bb: iframe.scrollIntoView(); break; case \u00ab\u00a0setHeight\u00a0\u00bb: iframe.style.height = args[1] + \u00ab\u00a0px\u00a0\u00bb; break; case \u00ab\u00a0collapseErrorPage\u00a0\u00bb: if (iframe.clientHeight &gt; window.innerHeight) { iframe.style.height = window.innerHeight + \u00ab\u00a0px\u00a0\u00bb; } break; case \u00ab\u00a0reloadPage\u00a0\u00bb: window.location.reload(); break; } var isJotForm = (e.origin.indexOf(\u00ab\u00a0jotform\u00a0\u00bb) &gt; -1) ? true : false; if(isJotForm &amp;&amp; \u00ab\u00a0contentWindow\u00a0\u00bb in iframe &amp;&amp; \u00ab\u00a0postMessage\u00a0\u00bb in iframe.contentWindow) { var urls = {\u00ab\u00a0docurl\u00a0\u00bb:encodeURIComponent(document.URL),\u00a0\u00bbreferrer\u00a0\u00bb:encodeURIComponent(document.referrer)}; iframe.contentWindow.postMessage(JSON.stringify({\u00ab\u00a0type\u00a0\u00bb:\u00a0\u00bburls\u00a0\u00bb,\u00a0\u00bbvalue\u00a0\u00bb:urls}), \u00ab\u00a0*\u00a0\u00bb); } }; if (window.addEventListener) { window.addEventListener(\u00ab\u00a0message\u00a0\u00bb, handleIFrameMessage, false); } else if (window.attachEvent) { window.attachEvent(\u00ab\u00a0onmessage\u00a0\u00bb, handleIFrameMessage); } [\/tcb-script]\n<p>Access Protection Solutions travaille avec les clients r\u00e9sidentiels et commerciaux \u00e0 travers Canada. Nous vendons et installons des pellicules solaires, des pellicules de s\u00e9curit\u00e9 et des pellicules contre oiseaux. Si vous avez des questions \u00e0 propos de nos pellicules pour fen\u00eatres ou nos services, nous vous invitons \u00e0 communiquer avec nous. Il nous fera un plaisir de r\u00e9pondre \u00e0 vos questions. Sachez que vous pouvez toujours nous appeler directement au 1-855-694-6810.<\/p>\n<\/p>\n<p><img decoding=\"async\" height=\"1\" width=\"1\" style=\"border-style:none;\" alt=\"\" src=\"\/\/www.googleadservices.com\/pagead\/conversion\/836064855\/?label=dwG7CL3YoXUQ16zVjgM&amp;guid=ON&amp;script=0\" title=\"\"><\/p>\n","protected":false},"excerpt":{"rendered":"<p>Estimation gratuite Nous vous invitons \u00e0 nous contacter de la mani\u00e8re qui vous convient le mieux. Sans frais: 1 855 694 6810 ou Local: 514-616-2900 \u200b [tcb-script type=\u00a0\u00bbtext\/javascript\u00a0\u00bb] var ifr = document.getElementById(\u00ab\u00a0JotFormIFrame-72674565908268\u00a0\u00bb); if(window.location.href &amp;&amp; window.location.href.indexOf(\u00ab\u00a0?\u00a0\u00bb) &gt; -1) { var get = window.location.href.substr(window.location.href.indexOf(\u00ab\u00a0?\u00a0\u00bb) + 1); if(ifr &amp;&amp; get.length &gt; 0) { var src = ifr.src; src [&hellip;]<\/p>\n","protected":false},"author":1,"featured_media":0,"parent":0,"menu_order":11,"comment_status":"closed","ping_status":"closed","template":"fullwidth-page.php","meta":{"footnotes":""},"class_list":["post-1580","page","type-page","status-publish","hentry"],"_links":{"self":[{"href":"https:\/\/accessprotection1.com\/fr\/wp-json\/wp\/v2\/pages\/1580","targetHints":{"allow":["GET"]}}],"collection":[{"href":"https:\/\/accessprotection1.com\/fr\/wp-json\/wp\/v2\/pages"}],"about":[{"href":"https:\/\/accessprotection1.com\/fr\/wp-json\/wp\/v2\/types\/page"}],"author":[{"embeddable":true,"href":"https:\/\/accessprotection1.com\/fr\/wp-json\/wp\/v2\/users\/1"}],"replies":[{"embeddable":true,"href":"https:\/\/accessprotection1.com\/fr\/wp-json\/wp\/v2\/comments?post=1580"}],"version-history":[{"count":0,"href":"https:\/\/accessprotection1.com\/fr\/wp-json\/wp\/v2\/pages\/1580\/revisions"}],"wp:attachment":[{"href":"https:\/\/accessprotection1.com\/fr\/wp-json\/wp\/v2\/media?parent=1580"}],"curies":[{"name":"wp","href":"https:\/\/api.w.org\/{rel}","templated":true}]}}