{"id":1584,"date":"2017-08-14T09:17:47","date_gmt":"2017-08-14T13:17:47","guid":{"rendered":"http:\/\/accessprotection1.com\/solar-films\/"},"modified":"2025-07-09T10:32:28","modified_gmt":"2025-07-09T14:32:28","slug":"pellicule-solaire","status":"publish","type":"page","link":"https:\/\/accessprotection1.com\/fr\/pellicule-solaire\/","title":{"rendered":"Pellicule solaire"},"content":{"rendered":"<p><span><img decoding=\"async\" alt=\"solar window film\" src=\"https:\/\/accessprotection1.com\/wp-content\/uploads\/2016\/05\/solar-control.png\" style=\"\" width=\"128\" height=\"128\" data-width=\"128\" data-height=\"128\" data-init-width=\"128\" data-init-height=\"128\" data-id=\"919\" title=\"solar-control\" loading=\"lazy\"><\/span><\/p>\n<h1 style=\"text-align: center;\">Pellicules solaires pour fen\u00eatres<\/h1>\n<h6 align=\"center\"><strong>Usages essentiels<\/strong><\/h6>\n<p dir=\"ltr\" style=\"text-align: center;\">Rejet de la chaleur, r\u00e9duction de l\u2019\u00e9blouissement et protection contre la d\u00e9coloration.<\/p>\n<h6 align=\"center\"><strong>Apparence<\/strong><\/h6>\n<p align=\"center\">G\u00e9n\u00e9ralement r\u00e9fl\u00e9chissante<\/p>\n<h6 align=\"center\"><strong>Utilisation<\/strong><\/h6>\n<p align=\"center\">Int\u00e9rieur ou ext\u00e9rieur<\/p>\n<h6 align=\"center\"><strong>Garantie<\/strong><\/h6>\n<p align=\"center\">De 5 ans \u00e0 garantie \u00e0 vie limit\u00e9e.<\/p>\n<p>Access Protection tient en inventaire une large gamme de pellicules solaires pour fen\u00eatres, aussi appel\u00e9e pellicules anti-UV, pouvant solutionner efficacement de nombreux probl\u00e8mes de contr\u00f4le d\u2019\u00e9nergie solaire. Chacune de nos pellicules poss\u00e8de un aspect et un ensemble de propri\u00e9t\u00e9s qui lui sont uniques, vous \u00eates donc assur\u00e9 de trouver la pellicule qu\u2019il vous faut. Nos produits sont propos\u00e9s dans tout le Canada et install\u00e9s localement par des installateurs professionnels.<\/p>\n<h2>Avantages des pellicules solaires et anti-UV pour fen\u00eatres<\/h2>\n<p><span><img decoding=\"async\" alt=\"ICON_01_heatComfort\" data-id=\"2122\" width=\"128\" data-init-width=\"128\" height=\"128\" data-init-height=\"128\" title=\"ICON_01_heatComfort\" loading=\"lazy\" src=\"https:\/\/accessprotection1.com\/wp-content\/uploads\/2023\/03\/ICON_01_heatComfort.png\" data-width=\"128\" data-height=\"128\" style=\"\"><\/span><\/p>\n<h3>Chaleur et confort<\/h3>\n<p style=\"text-align: left;\">La pellicule solaire pour fen\u00eatre am\u00e9liore l&rsquo;esth\u00e9tique, la luminosit\u00e9 et le confort de votre maison ou de votre lieu de travail. Elle \u00e9limine jusqu\u2019\u00e0 80% de l\u2019apport par rayonnement solaire, ce qui signifie une r\u00e9duction de la climatisation et une augmentation du confort lors de chaleur extr\u00eame. Gr\u00e2ce \u00e0 sa transparence exceptionnelle, la pellicule solaire laisse p\u00e9n\u00e9trer la lumi\u00e8re tout en r\u00e9fl\u00e9chissant la chaleur vers l\u2019ext\u00e9rieur, ce qui la rend plus pratique que les rev\u00eatements de fen\u00eatres traditionnels.<\/p>\n<p><span><img decoding=\"async\" alt=\"ICON_02_EnergyConsumption\" data-id=\"2124\" width=\"128\" data-init-width=\"128\" height=\"128\" data-init-height=\"128\" title=\"ICON_02_EnergyConsumption\" loading=\"lazy\" src=\"https:\/\/accessprotection1.com\/wp-content\/uploads\/2023\/03\/ICON_02_EnergyConsumption.png\" data-width=\"128\" data-height=\"128\"><\/span><\/p>\n<h3 dir=\"ltr\">Consommation d&rsquo;\u00e9nergie<\/h3>\n<p>Les pellicules solaires pour fen\u00eatres sont un moyen efficace de mieux contr\u00f4ler votre consommation d&rsquo;\u00e9nergie tout en r\u00e9duisant vos co\u00fbts de climatisation. Gr\u00e2ce \u00e0 leur propri\u00e9t\u00e9 de r\u00e9flexion, les films solaires rejettent la chaleur, permettant ainsi de maintenir des temp\u00e9ratures int\u00e9rieures plus stables. Cela permet aux syst\u00e8mes de climatisation de fonctionner plus efficacement et \u00e0 moindre co\u00fbt en limitant les pointes d&rsquo;utilisation extr\u00eames.<\/p>\n<p><span><img decoding=\"async\" alt=\"ICON_03_Glare\" data-id=\"2126\" width=\"128\" data-init-width=\"128\" height=\"128\" data-init-height=\"128\" title=\"ICON_03_Glare\" loading=\"lazy\" src=\"https:\/\/accessprotection1.com\/wp-content\/uploads\/2023\/03\/ICON_03_Glare.png\" data-width=\"128\" data-height=\"128\" style=\"\"><\/span><\/p>\n<h3>R\u00e9duction de l\u2019\u00e9blouissement<\/h3>\n<p style=\"text-align: left;\">L\u2019\u00e9blouissement dans les \u00e9crans d\u2019ordinateurs ou les t\u00e9l\u00e9viseurs est d\u00e9sagr\u00e9able en plus de cr\u00e9er une fatigue des yeux. Avec les pellicules solaires pour fen\u00eatres, vous pouvez profiter de la lumi\u00e8re du jour tout en b\u00e9n\u00e9ficiant d\u2019un environnement plus agr\u00e9able.<\/p>\n<p><span><img decoding=\"async\" alt=\"ICON_04_UVProtection\" data-id=\"2128\" width=\"128\" data-init-width=\"128\" height=\"128\" data-init-height=\"128\" title=\"ICON_04_UVProtection\" loading=\"lazy\" src=\"https:\/\/accessprotection1.com\/wp-content\/uploads\/2023\/03\/ICON_04_UVProtection.png\" data-width=\"128\" data-height=\"128\"><\/span><\/p>\n<h3 dir=\"ltr\" style=\"text-align: center;\">Protection contre les UV et contr\u00f4le de la d\u00e9coloration<\/h3>\n<p>Les rayons UV du soleil sont l&rsquo;une des principales causes de la d\u00e9coloration des meubles et des tissus. Les films UV pour fen\u00eatres peuvent emp\u00eacher 99 % de ces rayons nocifs de p\u00e9n\u00e9trer dans votre b\u00e2timent et d&rsquo;endommager votre mobilier, votre \u00e9quipement et vos biens de valeur. La protection UV offerte par nos films pour fen\u00eatres est \u00e9quivalente \u00e0 un SPF de 285.<\/p>\n<p><span><img decoding=\"async\" alt=\"ICON_05_Appearance\" data-id=\"2130\" width=\"128\" data-init-width=\"128\" height=\"128\" data-init-height=\"128\" title=\"ICON_05_Appearance\" loading=\"lazy\" src=\"https:\/\/accessprotection1.com\/wp-content\/uploads\/2023\/03\/ICON_05_Appearance.png\" data-width=\"128\" data-height=\"128\" style=\"\"><\/span><\/p>\n<h3>Apparence<\/h3>\n<p style=\"text-align: left;\">Les films solaires pour fen\u00eatres sont disponibles dans une large gamme de r\u00e9flectivit\u00e9. Alors qu&rsquo;un film l\u00e9g\u00e8rement teint\u00e9 aura tr\u00e8s peu d&rsquo;impact sur l&rsquo;apparence de votre maison ou de votre entreprise, un film avec un niveau de r\u00e9flectivit\u00e9 \u00e9lev\u00e9 sera plus sombre, offrira un niveau de protection plus \u00e9lev\u00e9 et modifiera l&rsquo;apparence de vos fen\u00eatres de l&rsquo;ext\u00e9rieur et de l&rsquo;int\u00e9rieur.<\/p>\n<p><span><img decoding=\"async\" alt=\"ICON_06_Privacy\" data-id=\"2132\" width=\"128\" data-init-width=\"128\" height=\"128\" data-init-height=\"128\" title=\"ICON_06_Privacy\" loading=\"lazy\" src=\"https:\/\/accessprotection1.com\/wp-content\/uploads\/2023\/03\/ICON_06_Privacy.png\" data-width=\"128\" data-height=\"128\"><\/span><\/p>\n<h3 dir=\"ltr\">Intimit\u00e9 et s\u00e9curit\u00e9<\/h3>\n<p dir=\"ltr\">Certains films solaires r\u00e9fl\u00e9chissants contribuent \u00e0 prot\u00e9ger votre vie priv\u00e9e en emp\u00eachant les gens de voir \u00e0 l&rsquo;int\u00e9rieur de votre maison ou de votre entreprise. D&rsquo;autres, comme les <a href=\"https:\/\/accessprotection1.com\/fr\/pellicules-securite-et-protection\/pellicules-securite\/\">pellicules de s\u00e9curit\u00e9<\/a> pour fen\u00eatres, sont \u00e9galement con\u00e7us pour renforcer la r\u00e9sistance de vos fen\u00eatres afin d&rsquo;\u00e9viter les effractions et les \u00e9clats de verre.<\/p>\n<h2>Vous avez des questions?<\/h2>\n<p dir=\"ltr\">Contactez notre \u00e9quipe d&rsquo;experts. Parlez-nous de votre projet, des probl\u00e8mes que vous souhaitez r\u00e9soudre ou des objectifs que vous souhaitez atteindre. Nous vous aiderons \u00e0 trouver la ou les meilleures pellicules pour fen\u00eatres avec les bonnes caract\u00e9ristiques qui vous aideront \u00e0 obtenir les r\u00e9sultats souhait\u00e9s.<\/p>\n<a class='btn orange left medium' href='https:\/\/accessprotection1.com\/fr\/contactez-nous\/' target='_blank'><span>Contatez-Nous<\/span><\/a>\n<h2>Comment fonctionnent les films solaires pour fen\u00eatres ?<\/h2>\n<p dir=\"ltr\">Les films solaires sont constitu\u00e9s d&rsquo;une fine couche de polyester impr\u00e9gn\u00e9e de particules m\u00e9talliques. Appliqu\u00e9e \u00e0 l&rsquo;int\u00e9rieur ou \u00e0 l&rsquo;ext\u00e9rieur de vos fen\u00eatres, cette couche agit comme une barri\u00e8re en filtrant et en r\u00e9fl\u00e9chissant l&rsquo;\u00e9nergie solaire avant qu&rsquo;elle ne p\u00e9n\u00e8tre dans votre maison ou votre entreprise. Lorsque les rayons du soleil touchent le film, l&rsquo;\u00e9nergie solaire et les rayons UV nocifs sont bloqu\u00e9s, tandis que la lumi\u00e8re visible peut passer. La quantit\u00e9 d&rsquo;\u00e9nergie solaire absorb\u00e9e ou r\u00e9fl\u00e9chie d\u00e9pend du type de film utilis\u00e9, certains films bloquant jusqu&rsquo;\u00e0 79 % de l&rsquo;\u00e9nergie solaire. Toutefois, les rayons UV sont bloqu\u00e9s \u00e0 99 %, quel que soit le film choisi.<\/p>\n<p><span style=\"width: 100%;\"><img decoding=\"async\" alt=\"Graphic representation of how window film blocks solar radiation and UV light.\" width=\"473\" height=\"172\" title=\"Graphic representation of how window film blocks solar radiation and UV light.\" data-id=\"1662\" src=\"https:\/\/accessprotection1.com\/wp-content\/uploads\/2017\/09\/window-film-blocks-harmful-rays_494x180-FRENCH.jpg\" style=\"\" data-width=\"473\" data-height=\"172\" data-init-width=\"494\" data-init-height=\"180\" loading=\"lazy\"><\/span><\/p>\n<p dir=\"ltr\"><em>La repr\u00e9sentation graphique de la fa\u00e7on dont le film de fen\u00eatre bloque le rayonnement solaire et la lumi\u00e8re UV.<\/em><\/p>\n<p><span><img decoding=\"async\" alt=\"Commercial Security Window Films, Access Protection\" data-id=\"2002\" width=\"523\" data-init-width=\"550\" height=\"333\" data-init-height=\"350\" title=\"Commercial Security Window Films, Access Protection\" loading=\"lazy\" src=\"https:\/\/accessprotection1.com\/wp-content\/uploads\/2021\/07\/Commercial-Security-Window-Films-Access-Protection.jpg\" data-width=\"523\" data-height=\"333\" style=\"\"><\/span><\/p>\n<h2 dir=\"ltr\" style=\"text-align: center;\">Films solaires pour fen\u00eatres commerciales<\/h2>\n<p dir=\"ltr\">Offrez un environnement confortable \u00e0 vos employ\u00e9s et \u00e0 vos clients gr\u00e2ce aux <a href=\"https:\/\/accessprotection1.com\/fr\/solutions-de-lindustrie\/pellicules-de-vitres-commerciales\/\" style=\"outline: none;\">pellicules solaires pour fen\u00eatres commerciales<\/a>. Les films solaires install\u00e9s sur les fen\u00eatres des entreprises permettent une meilleure gestion de la temp\u00e9rature tout en r\u00e9duisant les reflets g\u00eanants sur les \u00e9crans. De plus, les films UV prot\u00e8gent vos biens des dommages caus\u00e9s par les rayons UV.<\/p>\n<a class='btn orange left medium' href='https:\/\/accessprotection1.com\/wp-content\/uploads\/2021\/07\/Solar-Gard-Commercial-Brochure-SK0141_0717.pdf' target='_blank'><span>T\u00e9l\u00e9chargez notre brochure commerciale<\/span><\/a>\n<p><span><img decoding=\"async\" alt=\"Residential Security Window Films_Access Protection\" data-id=\"1949\" width=\"523\" data-init-width=\"550\" height=\"333\" data-init-height=\"350\" title=\"Residential Security Window Films_Access Protection\" loading=\"lazy\" src=\"https:\/\/accessprotection1.com\/wp-content\/uploads\/2021\/07\/Residential-Security-Window-Films_Access-Protection.jpg\" data-width=\"523\" data-height=\"333\"><\/span><\/p>\n<h2 style=\"text-align: center;\">Films solaires pour fen\u00eatres r\u00e9sidentielles<\/h2>\n<p dir=\"ltr\">Transformez votre maison en un espace de vie confortable gr\u00e2ce aux <a href=\"https:\/\/accessprotection1.com\/fr\/solutions-de-lindustrie\/pellicules-fenetres-residentielles\/\" style=\"outline: none;\">films solaires pour fen\u00eatres r\u00e9sidentielles<\/a>. Ces films innovants permettent de r\u00e9guler la temp\u00e9rature int\u00e9rieure de votre maison et de r\u00e9duire vos co\u00fbts de climatisation. Dites adieu aux reflets g\u00eanants sur vos \u00e9crans et prot\u00e9gez vos objets de valeur des dommages caus\u00e9s par les rayons UV nocifs.<\/p>\n<a class='btn orange left medium' href='https:\/\/accessprotection1.com\/wp-content\/uploads\/2017\/10\/Solar-Gard-Residential-Brochure-0141RES.FR_.pdf' target='_blank'><span>T\u00e9l\u00e9chargez notre brochure r\u00e9sidentielle<\/span><\/a>\n<h3>Nos pellicules solaires r\u00e9sidentielles et commerciales<\/h3>\n<p ltr\"\"=\"\">\n<ul>\n<li dir=\"ltr\">S\u00e9rie Aluminium \u2013 S\u00e9rie Silver<\/li>\n<li dir=\"ltr\">Sentinel \u2013 Pellicules ext\u00e9rieures \u00e0 l&rsquo;\u00e9preuve des conditions climatiques<\/li>\n<li dir=\"ltr\">S\u00e9rie Solar Bronze<\/li>\n<li dir=\"ltr\">S\u00e9rie Stainless Steel<\/li>\n<\/ul>\n<ul>\n<li>TrueVue<\/li>\n<li>S\u00e9rie ULR<\/li>\n<li ltr\"\"=\"\">S\u00e9rie Panorama &#8211; Hilite Series<\/li>\n<li ltr\"\"=\"\">S\u00e9rie Panorama \u2013 Slate<\/li>\n<li ltr\"\"=\"\">S\u00e9rie Panorama &#8211; Sterling<\/li>\n<\/ul>\n<h2 dir=\"ltr\" style=\"text-align: center;\"><strong>Notre garantie<\/strong><\/h2>\n<p dir=\"ltr\" style=\"text-align: center;\">Access Protection travaille avec les produits Solar Gard, un fabricant de films pour fen\u00eatres r\u00e9put\u00e9 et mondialement connu. Solar Gard, une division de <a href=\"https:\/\/www.saint-gobain.com\/fr\" style=\"outline: none;\" target=\"_blank\" rel=\"noopener\">Saint-Gobain<\/a>, offre des produits qui se comparent aux meilleures marques de films solaires et anti-UV pour fen\u00eatres sur le march\u00e9 en termes de performance, de durabilit\u00e9 et de rentabilit\u00e9.<\/p>\n<p dir=\"ltr\" style=\"text-align: center;\">Solar Gard offre une excellente garantie sur sa gamme de pellicules solaires pour fen\u00eatres Solar Gard, allant de 5 ans \u00e0 une garantie limit\u00e9e \u00e0 vie.<\/p>\n<h2 dir=\"ltr\">Questions fr\u00e9quemment pos\u00e9es<\/h2>\n<p><span><\/span><\/p>\n<h4><strong><strong><span data-sheets-root=\"1\">Est-ce que les pellicules solaires pour fen\u00eatres offrent de l\u2019intimit\u00e9 ?<\/span>&nbsp;<\/strong><\/strong><\/h4>\n<p><span data-sheets-root=\"1\">Access Protection offre des pellicules solaires pour fen\u00eatres commerciales et r\u00e9sidentielles qui peuvent offrir diff\u00e9rents niveaux d\u2019intimit\u00e9, selon le facteur de r\u00e9flectivit\u00e9 du film utilis\u00e9. Certains pellicules sont con\u00e7ues pour offrir une intimit\u00e9 totale, tandis que d&rsquo;autres pr\u00e9sentent une teinte plus subtile qui r\u00e9duit la visibilit\u00e9 vers l\u2019int\u00e9rieur du b\u00e2timent. Nous vous aiderons \u00e0 choisir la pellicule pour fen\u00eatres la mieux adapt\u00e9e \u00e0 vos besoins.<\/span><\/p>\n<p><span><\/span><\/p>\n<h4><strong><strong><span data-sheets-root=\"1\"><span data-sheets-root=\"1\">Comment les pellicules solaires am\u00e9liorent-elles l\u2019efficacit\u00e9 \u00e9nerg\u00e9tique ?<\/span><\/span><\/strong><\/strong><\/h4>\n<p><span data-sheets-root=\"1\"><span data-sheets-root=\"1\">Nos pellicules solaires sont con\u00e7ues pour bloquer la chaleur solaire, ce qui aide \u00e0 r\u00e9duire la temp\u00e9rature int\u00e9rieure et la d\u00e9pendance \u00e0 la climatisation. Ceci permet de diminuer votre consommation \u00e9nerg\u00e9tique et de cr\u00e9er un espace de vie ou de travail plus confortable. Nous utilisons des pellicules de qualit\u00e9 qui offrent un excellent rejet de chaleur tout en maintenant une bonne visibilit\u00e9.<\/span><\/span><\/p>\n<p><span><\/span><\/p>\n<h4><strong><strong><span data-sheets-root=\"1\"><span data-sheets-root=\"1\"><span data-sheets-root=\"1\">Les films solaires vont-ils modifier l\u2019apparence de mes fen\u00eatres ?<\/span><\/span><\/span><\/strong><\/strong><\/h4>\n<p><span data-sheets-root=\"1\"><span data-sheets-root=\"1\"><span data-sheets-root=\"1\">Nous proposons une gamme de pellicules allant de presque invisibles \u00e0 teint\u00e9es et r\u00e9fl\u00e9chissante. Vous pouvez choisir un style qui correspond \u00e0 vos pr\u00e9f\u00e9rences esth\u00e9tiques tout en profitant de la r\u00e9duction de chaleur et de la protection contre les UV. Nos experts vous recommanderont la meilleure option selon le design de votre propri\u00e9t\u00e9.<\/span><\/span><\/span><\/p>\n<p><span><\/span><\/p>\n<h4><strong><strong><span data-sheets-root=\"1\"><span data-sheets-root=\"1\"><span data-sheets-root=\"1\"><span data-sheets-root=\"1\">Est-ce que les pellicules pour fen\u00eatres prot\u00e8gent les int\u00e9rieurs et les meubles ?<\/span><\/span><\/span><\/span><\/strong><\/strong><\/h4>\n<p><span data-sheets-root=\"1\"><span data-sheets-root=\"1\"><span data-sheets-root=\"1\"><span data-sheets-root=\"1\">Nos pellicules bloquent jusqu\u2019\u00e0 99 % des rayons UV nocifs responsables de la d\u00e9coloration et de la d\u00e9t\u00e9rioration des meubles, planchers, \u0153uvres d\u2019art et tissus. En installant un film solaire, vous prolongez la dur\u00e9e de vie de votre mobilier tout en r\u00e9duisant les reflets qui g\u00eanent la visibilit\u00e9 des \u00e9crans.<\/span><\/span><\/span><\/span><\/p>\n<p><span><\/span><\/p>\n<h4><strong><strong><span data-sheets-root=\"1\"><span data-sheets-root=\"1\"><span data-sheets-root=\"1\"><span data-sheets-root=\"1\"><span data-sheets-root=\"1\">Comment puis-je planifier une consultation ou demander un devis ?<\/span><\/span><\/span><\/span><\/span><\/strong><\/strong><\/h4>\n<p><span data-sheets-root=\"1\"><span data-sheets-root=\"1\"><span data-sheets-root=\"1\"><span data-sheets-root=\"1\"><span data-sheets-root=\"1\">Vous pouvez nous contacter via notre site web ou appeler notre \u00e9quipe pour planifier une consultation gratuite. Nous discuterons de votre probl\u00e9matique, de vos objectifs et vous proposerons une recommandation personnalis\u00e9e accompagn\u00e9e d\u2019un devis d\u00e9taill\u00e9.<\/span><\/span><\/span><\/span><\/span><\/p>\n<p><span><\/span><\/p>\n<h4><strong><strong><span data-sheets-root=\"1\"><span data-sheets-root=\"1\"><span data-sheets-root=\"1\"><span data-sheets-root=\"1\"><span data-sheets-root=\"1\">Combien co\u00fbtent les pellicules solaires pour fen\u00eatres ?<\/span><\/span><\/span><\/span><\/span><\/strong><\/strong><\/h4>\n<p><span data-sheets-root=\"1\"><span data-sheets-root=\"1\"><span data-sheets-root=\"1\"><span data-sheets-root=\"1\"><span data-sheets-root=\"1\">Le co\u00fbt des films solaires pour fen\u00eatres varie en fonction du type de film utilis\u00e9, de la taille de la fen\u00eatre et de la complexit\u00e9 de l&rsquo;installation. En g\u00e9n\u00e9ral, le co\u00fbt varie entre 5 et 15 dollars le pied carr\u00e9.<\/span><\/span><\/span><\/span><\/span><\/p>\n<p><span><\/span><\/p>\n<h4><strong><strong><span data-sheets-root=\"1\"><span data-sheets-root=\"1\"><span data-sheets-root=\"1\"><span data-sheets-root=\"1\"><span data-sheets-root=\"1\">Quelle est la dur\u00e9e de vie des pellicules solaires pour fen\u00eatres ?<\/span><\/span><\/span><\/span><\/span><\/strong><\/strong><\/h4>\n<p><span data-sheets-root=\"1\"><span data-sheets-root=\"1\"><span data-sheets-root=\"1\"><span data-sheets-root=\"1\"><span data-sheets-root=\"1\">En fonction de la qualit\u00e9 du film, de l&rsquo;installation et de l&rsquo;entretien, les films de protection solaire pour fen\u00eatres peuvent durer jusqu&rsquo;\u00e0 20 ans. Veillez \u00e0 acheter une marque r\u00e9put\u00e9e de films solaires pour fen\u00eatres et \u00e0 faire appel \u00e0 des installateurs professionnels pour vous assurer de la long\u00e9vit\u00e9 de votre achat.<\/span><\/span><\/span><\/span><\/span><\/p>\n<p><span><\/span><\/p>\n<h4><strong><strong><span data-sheets-root=\"1\"><span data-sheets-root=\"1\"><span data-sheets-root=\"1\"><span data-sheets-root=\"1\"><span data-sheets-root=\"1\">Les films solaires pour fen\u00eatres peuvent-ils \u00eatre appliqu\u00e9s sur tous les types de fen\u00eatres?<\/span><\/span><\/span><\/span><\/span><\/strong><\/strong><\/h4>\n<p><span data-sheets-root=\"1\"><span data-sheets-root=\"1\"><span data-sheets-root=\"1\"><span data-sheets-root=\"1\"><span data-sheets-root=\"1\">Les films solaires pour vitrages peuvent \u00eatre appliqu\u00e9s sur la plupart des types de fen\u00eatres, y compris le simple vitrage, le double vitrage et le verre tremp\u00e9. Cependant, certains types de fen\u00eatres, tels que celles \u00e0 vitrage isolant, peuvent n\u00e9cessiter des films sp\u00e9cialement con\u00e7us pour eux.<\/span><\/span><\/span><\/span><\/span><\/p>\n<p><span><\/span><\/p>\n<h4><strong><strong><span data-sheets-root=\"1\"><span data-sheets-root=\"1\"><span data-sheets-root=\"1\"><span data-sheets-root=\"1\"><span data-sheets-root=\"1\">Les pellicules solaires pour fen\u00eatres affectent-ils la visibilit\u00e9 depuis l&rsquo;int\u00e9rieur du b\u00e2timent ?<\/span><\/span><\/span><\/span><\/span><\/strong><\/strong><\/h4>\n<p><span data-sheets-root=\"1\"><span data-sheets-root=\"1\"><span data-sheets-root=\"1\"><span data-sheets-root=\"1\"><span data-sheets-root=\"1\">La visibilit\u00e9 depuis l&rsquo;int\u00e9rieur d&rsquo;un b\u00e2timent varie en fonction du type de film solaire utilis\u00e9. Certains films teint\u00e9s plus fonc\u00e9s sont con\u00e7us pour offrir plus d&rsquo;intimit\u00e9, ce qui affectera l\u00e9g\u00e8rement la qualit\u00e9 et l&rsquo;intensit\u00e9 des couleurs ext\u00e9rieures per\u00e7ues de l\u2019int\u00e9rieur.<\/span><\/span><\/span><\/span><\/span><\/p>\n<p><span><\/span><\/p>\n<h4><strong><strong><span data-sheets-root=\"1\"><span data-sheets-root=\"1\"><span data-sheets-root=\"1\"><span data-sheets-root=\"1\"><span data-sheets-root=\"1\">Les pellicules solaires peuvent-elles \u00eatre retir\u00e9es ?<\/span><\/span><\/span><\/span><\/span><\/strong><\/strong><\/h4>\n<p><span data-sheets-root=\"1\"><span data-sheets-root=\"1\"><span data-sheets-root=\"1\"><span data-sheets-root=\"1\"><span data-sheets-root=\"1\">Oui, les pellicules solaires pour fen\u00eatre peuvent \u00eatre retir\u00e9es. Cependant, le processus peut n\u00e9cessiter beaucoup de travail et de temps. De plus, si vous d\u00e9cidez de le faire vous-m\u00eame, vous risquez d&rsquo;endommager vos fen\u00eatres. Nous vous recommandons vivement de faire appel \u00e0 des professionnels pour retirer vos films solaires existants.<\/span><\/span><\/span><\/span><\/span><\/p>\n<p dir=\"ltr\">Si vous avez des questions sur les pellicules solaires pour fen\u00eatres et les films UV pour fen\u00eatres, nous vous invitons \u00e0 nous contacter d\u00e8s aujourd&rsquo;hui. Nous nous ferons un plaisir de r\u00e9pondre \u00e0 vos questions sur nos produits et sur l&rsquo;installation de ceux-ci pour des applications commerciales ou r\u00e9sidentielles \u00e0 Montr\u00e9al et partout ailleurs au Canada.&nbsp;<\/p>\n<p dir=\"ltr\">Nous offrons \u00e9galement des pellicules pour fen\u00eatre pour augmenter le niveau de <a href=\"https:\/\/accessprotection1.com\/fr\/pellicules-securite-et-protection\/pellicules-securite\/\">s\u00e9curit\u00e9<\/a> et de <a href=\"https:\/\/accessprotection1.com\/fr\/pellicules-securite-et-protection\/pellicules-protection\/\">protection<\/a>, pour <a href=\"https:\/\/accessprotection1.com\/fr\/solutions-de-lindustrie\/solutions-dissuasives-pour-les-oiseaux\/\" style=\"outline: none;\">contrer les collisions d\u2019oiseaux<\/a> ou tout simplement pour <a href=\"https:\/\/accessprotection1.com\/fr\/pellicules-decoratives\/\" style=\"outline: none;\">changer l\u2019aspect esth\u00e9tique de vos&nbsp; fen\u00eatres<\/a>. Veuillez visiter ces pages pour en savoir plus sur notre gamme compl\u00e8te de solutions de films pour fen\u00eatres.<\/p>\n<h2 style=\"color: rgb(66, 66, 66); margin-bottom: 0px !important;\"><span><\/span>Demandez \u00e0 un expert :<\/h2>\n<p style=\"color: rgb(66, 66, 66);\">Nous pouvons vous aider \u00e0 choisir la bonne option de pellicule de vitre<\/p>\n<p><a href=\"https:\/\/accessprotection1.com\/fr\/estimation-gratuite\/\" style=\"text-decoration:none;font-size:20px\">APPELEZ-NOUS D\u00c8S AUJOURD&rsquo;HUI POUR UNE ESTIMATION GRATUITE<\/a><span style=\"font-size:26px;font-weight:bold;\"><a onclick=\"gtag('event', 'click', {'event_category': 'Footer Phone Number', 'event_label': 'Phone Number Clicked', 'value': '0'});\" style=\"margin-top: 40px;text-decoration:none;\" href=\"tel:289-769-9507\">289.769.9507<\/a> | <a onclick=\"gtag('event', 'click', {'event_category': 'Footer Phone Number', 'event_label': 'Phone Number Clicked', 'value': '0'});\" style=\"margin-top: 40px;text-decoration:none;\" href=\"tel:514.616.2900\">514.616.2900<\/a><\/span><\/p>\n","protected":false},"excerpt":{"rendered":"<p>Pellicules solaires pour fen\u00eatres Usages essentiels Rejet de la chaleur, r\u00e9duction de l\u2019\u00e9blouissement et protection contre la d\u00e9coloration. Apparence G\u00e9n\u00e9ralement r\u00e9fl\u00e9chissante Utilisation Int\u00e9rieur ou ext\u00e9rieur Garantie De 5 ans \u00e0 garantie \u00e0 vie limit\u00e9e. Access Protection tient en inventaire une large gamme de pellicules solaires pour fen\u00eatres, aussi appel\u00e9e pellicules anti-UV, pouvant solutionner efficacement de [&hellip;]<\/p>\n","protected":false},"author":1,"featured_media":0,"parent":0,"menu_order":3,"comment_status":"closed","ping_status":"closed","template":"","meta":{"footnotes":""},"class_list":["post-1584","page","type-page","status-publish","hentry"],"_links":{"self":[{"href":"https:\/\/accessprotection1.com\/fr\/wp-json\/wp\/v2\/pages\/1584","targetHints":{"allow":["GET"]}}],"collection":[{"href":"https:\/\/accessprotection1.com\/fr\/wp-json\/wp\/v2\/pages"}],"about":[{"href":"https:\/\/accessprotection1.com\/fr\/wp-json\/wp\/v2\/types\/page"}],"author":[{"embeddable":true,"href":"https:\/\/accessprotection1.com\/fr\/wp-json\/wp\/v2\/users\/1"}],"replies":[{"embeddable":true,"href":"https:\/\/accessprotection1.com\/fr\/wp-json\/wp\/v2\/comments?post=1584"}],"version-history":[{"count":0,"href":"https:\/\/accessprotection1.com\/fr\/wp-json\/wp\/v2\/pages\/1584\/revisions"}],"wp:attachment":[{"href":"https:\/\/accessprotection1.com\/fr\/wp-json\/wp\/v2\/media?parent=1584"}],"curies":[{"name":"wp","href":"https:\/\/api.w.org\/{rel}","templated":true}]}}