{"id":1586,"date":"2017-08-14T09:18:20","date_gmt":"2017-08-14T13:18:20","guid":{"rendered":"http:\/\/accessprotection1.com\/decorative-films\/"},"modified":"2019-07-03T13:40:46","modified_gmt":"2019-07-03T17:40:46","slug":"pellicules-decoratives","status":"publish","type":"page","link":"https:\/\/accessprotection1.com\/fr\/pellicules-decoratives\/","title":{"rendered":"Pellicules d\u00e9coratives"},"content":{"rendered":"<p><span class=\"tve_image_frame\"><img decoding=\"async\" class=\"tve_image\" alt=\"speciality films\" src=\"https:\/\/accessprotection1.com\/wp-content\/uploads\/2016\/05\/speciality-films.png\" style=\"width: 128px\" width=\"128\" height=\"128\" title=\"\"><\/span><\/p>\n<h4 class=\"tve_p_center\"><\/h4>\n<h1 class=\"tve_p_center\">Pellicules d\u00e9coratives<\/h1>\n<h5 class=\"tve_p_center\">Donnez vie \u00e0 votre espace gr\u00e2ce \u00e0 une infinit\u00e9 de possibilit\u00e9s de design<\/h5>\n<li>Communiquez votre marque<\/li>\n<li>Ajoutez un air de sophistication<\/li>\n<li>Cr\u00e9ez des espaces priv\u00e9s ou divisez l&rsquo;espace de travail gr\u00e2ce \u00e0 un design moderne<\/li>\n<li>Embellissez votre vitre avec un d\u00e9tail subtil<\/li>\n<h5 class=\"tve_p_center\">Pellicules de vitres de couleur<\/h5>\n<p><span class=\"tve_image_frame\"><img decoding=\"async\" class=\"tve_image\" alt=\"Decorative and colourful window film for designers and architects.\" src=\"\/\/accessprotection1.com\/wp-content\/uploads\/2016\/05\/colored-window-films-300x173.jpg\" style=\"width: 300px;\" data-attachment-id=\"1000\" width=\"336\" height=\"195\" title=\"\"><\/span><\/p>\n<h5 class=\"tve_p_center\">D\u00e9coupage fait par ordinateur<\/h5>\n<p><span class=\"tve_image_frame\"><img decoding=\"async\" class=\"tve_image\" alt=\"custom window film graphics for offices.\" src=\"\/\/accessprotection1.com\/wp-content\/uploads\/2016\/05\/custom-window-film-graphics-300x173.jpg\" style=\"width: 300px;\" data-attachment-id=\"1022\" width=\"337\" height=\"195\" title=\"\"><\/span><\/p>\n<h5 class=\"tve_p_center\">Pellicules de vitres de couleur<\/h5>\n<p><span class=\"tve_image_frame\"><img decoding=\"async\" class=\"tve_image\" alt=\"designer\" src=\"\/\/accessprotection1.com\/wp-content\/uploads\/2017\/08\/office-deco-rev.jpg\" style=\"width: 300px;\" data-attachment-id=\"1563\" width=\"229\" height=\"229\" title=\"\"><\/span><\/p>\n<h5 class=\"\">Installations r\u00e9centes<\/h5>\n<p><span class=\"tve_image_frame\"><img decoding=\"async\" class=\"tve_image\" alt=\"decorative window films\" style=\"width: 300px\" src=\"\/\/accessprotection1.com\/wp-content\/uploads\/2017\/09\/decorative-films-.jpg\" data-attachment-id=\"1569\" width=\"300\" height=\"250\" title=\"\"><\/span><span class=\"tve_image_frame\"><img decoding=\"async\" class=\"tve_image\" alt=\"decorative window films 1\" style=\"width: 300px\" src=\"\/\/accessprotection1.com\/wp-content\/uploads\/2017\/09\/decorative-films-1.jpg\" data-attachment-id=\"1570\" width=\"300\" height=\"250\" title=\"\"><\/span><span class=\"tve_image_frame\"><img decoding=\"async\" class=\"tve_image\" alt=\"decorative window films 2\" style=\"width: 300px\" src=\"\/\/accessprotection1.com\/wp-content\/uploads\/2017\/09\/decorative-films-2.jpg\" data-attachment-id=\"1571\" width=\"300\" height=\"250\" title=\"\"><\/span><span class=\"tve_image_frame\"><img decoding=\"async\" class=\"tve_image\" alt=\"decorative window films 3\" style=\"width: 300px\" src=\"\/\/accessprotection1.com\/wp-content\/uploads\/2017\/09\/decorative-films-3.jpg\" data-attachment-id=\"1572\" width=\"300\" height=\"250\" title=\"\"><\/span><span class=\"tve_image_frame\"><img decoding=\"async\" class=\"tve_image\" alt=\"decorative window films 4\" style=\"width: 300px\" src=\"\/\/accessprotection1.com\/wp-content\/uploads\/2017\/09\/decorative-films-4.jpg\" data-attachment-id=\"1573\" width=\"300\" height=\"250\" title=\"\"><\/span><span class=\"tve_image_frame\"><img decoding=\"async\" class=\"tve_image tve_active_image\" alt=\"decorative window films 5\" style=\"width: 300px\" src=\"\/\/accessprotection1.com\/wp-content\/uploads\/2017\/09\/decorative-films-5.jpg\" data-attachment-id=\"1574\" width=\"300\" height=\"250\" title=\"\"><\/span><span class=\"tve_image_frame\"><img decoding=\"async\" class=\"tve_image\" alt=\"decorative window films 5\" style=\"width: 300px\" src=\"\/\/accessprotection1.com\/wp-content\/uploads\/2017\/09\/decorative-films-6.jpg\" data-attachment-id=\"1575\" width=\"300\" height=\"250\" title=\"\"><\/span><\/p>\n<h2 class=\"rft bold_text\" style=\"color: rgb(66, 66, 66); margin-bottom: 0px !important;\"><span class=\"bold_text\"><\/span>Demandez \u00e0 un expert :<\/h2>\n<p style=\"color: rgb(66, 66, 66);\">Nous pouvons vous aider \u00e0 choisir la bonne option de pellicule de vitre<\/p>\n<p><a href=\"\/free-estimate\/\" style=\"text-decoration:none;font-size:20px\" class=\"\">APPELEZ-NOUS D\u00c8S AUJOURD&rsquo;HUI POUR UNE ESTIMATION GRATUITE<\/a><span style=\"font-size:26px;font-weight:bold;\"><a onclick=\"gtag('event', 'click', {'event_category': 'Footer Phone Number', 'event_label': 'Phone Number Clicked', 'value': '0'});\" class=\"hov\" style=\"margin-top: 40px;text-decoration:none;\" href=\"tel:289-769-9507\">289.769.9507<\/a> | <a onclick=\"gtag('event', 'click', {'event_category': 'Footer Phone Number', 'event_label': 'Phone Number Clicked', 'value': '0'});\" class=\"hov\" style=\"margin-top: 40px;text-decoration:none;\" href=\"tel:514.616.2900\">514.616.2900<\/a><\/span><\/p>\n","protected":false},"excerpt":{"rendered":"<p>Pellicules d\u00e9coratives Donnez vie \u00e0 votre espace gr\u00e2ce \u00e0 une infinit\u00e9 de possibilit\u00e9s de design Communiquez votre marque Ajoutez un air de sophistication Cr\u00e9ez des espaces priv\u00e9s ou divisez l&rsquo;espace de travail gr\u00e2ce \u00e0 un design moderne Embellissez votre vitre avec un d\u00e9tail subtil Pellicules de vitres de couleur D\u00e9coupage fait par ordinateur Pellicules de [&hellip;]<\/p>\n","protected":false},"author":1,"featured_media":0,"parent":0,"menu_order":4,"comment_status":"closed","ping_status":"closed","template":"","meta":{"footnotes":"","tve_updated_post":"<div class=\"tve_image_caption thrv_wrapper aligncenter\"><span class=\"tve_image_frame\"><img class=\"tve_image\" alt=\"speciality films\" src=\"https:\/\/accessprotection1.com\/wp-content\/uploads\/2016\/05\/speciality-films.png\" style=\"width: 128px\" width=\"128\" height=\"128\"><\/span><\/div><div class=\"thrv_wrapper thrv_heading\" data-tag=\"h4\"><h4 class=\"tve_p_center\"><\/h4><\/div><div class=\"thrv_paste_content thrv_wrapper tve_empty_dropzone\"><div class=\"thrv_wrapper thrv_heading\" data-tag=\"h1\"><h1 class=\"tve_p_center\">Pellicules d\u00e9coratives<\/h1><\/div><\/div><div class=\"thrv_paste_content thrv_wrapper tve_empty_dropzone\"><div class=\"thrv_wrapper thrv_heading\" data-tag=\"h5\"><h5 class=\"tve_p_center\">Donnez vie \u00e0 votre espace gr\u00e2ce \u00e0 une infinit\u00e9 de possibilit\u00e9s de design<\/h5><\/div><div class=\"tve_wp_shortcode thrv_wrapper\"><div class=\"tve_shortcode_raw\" style=\"display: none\">___TVE_SHORTCODE_RAW__<li>Communiquez votre marque<\/li>\n<li>Ajoutez un air de sophistication<\/li>\n<li>Cr\u00e9ez des espaces priv\u00e9s ou divisez l'espace de travail gr\u00e2ce \u00e0 un design moderne<\/li>\n<li>Embellissez votre vitre avec un d\u00e9tail subtil<\/li>\n__TVE_SHORTCODE_RAW___<\/div><\/div><div class=\"thrv_wrapper thrv_content_container_shortcode\">\n<div class=\"tve_clear\"><\/div>\n<div class=\"tve_center tve_content_inner tve_empty_dropzone\" style=\"min-width: 50px; min-height: 2em; width: 1058px;\">\n<div class=\"thrv_wrapper thrv_columns tve_clearfix\">\n<div class=\"tve_colm tve_oth tve_empty_dropzone\"><div class=\"thrv_paste_content thrv_wrapper tve_empty_dropzone\"><div class=\"thrv_wrapper thrv_heading\" data-tag=\"h5\"><h5 class=\"tve_p_center\">Pellicules de vitres de couleur<\/h5><\/div><\/div><div style=\"width: 300px;\" class=\"thrv_wrapper tve_image_caption\">\n<span class=\"tve_image_frame\">\n<img class=\"tve_image\" alt=\"Decorative and colourful window film for designers and architects.\" src=\"\/\/accessprotection1.com\/wp-content\/uploads\/2016\/05\/colored-window-films-300x173.jpg\" style=\"width: 300px;\" data-attachment-id=\"1000\" width=\"336\" height=\"195\">\n<\/span>\n<\/div><div class=\"thrv_paste_content thrv_wrapper tve_empty_dropzone\"><\/div><\/div>\n<div class=\"tve_colm tve_oth tve_empty_dropzone\"><div class=\"thrv_wrapper thrv_heading\" data-tag=\"h5\"><h5 class=\"tve_p_center\">D\u00e9coupage fait par ordinateur<\/h5><\/div><div style=\"width: 300px;\" class=\"thrv_wrapper tve_image_caption\">\n<span class=\"tve_image_frame\">\n<img class=\"tve_image\" alt=\"custom window film graphics for offices.\" src=\"\/\/accessprotection1.com\/wp-content\/uploads\/2016\/05\/custom-window-film-graphics-300x173.jpg\" style=\"width: 300px;\" data-attachment-id=\"1022\" width=\"337\" height=\"195\">\n<\/span>\n<\/div><div class=\"thrv_paste_content thrv_wrapper tve_empty_dropzone\"><\/div><\/div>\n<div class=\"tve_colm tve_thc tve_lst tve_empty_dropzone\"><div class=\"thrv_wrapper thrv_heading\" data-tag=\"h5\"><h5 class=\"tve_p_center\">Pellicules de vitres de couleur<\/h5><\/div><div style=\"width: 300px;\" class=\"thrv_wrapper tve_image_caption\">\n<span class=\"tve_image_frame\">\n<img class=\"tve_image\" alt=\"designer\" src=\"\/\/accessprotection1.com\/wp-content\/uploads\/2017\/08\/office-deco-rev.jpg\" style=\"width: 300px;\" data-attachment-id=\"1563\" width=\"229\" height=\"229\">\n<\/span>\n<\/div><div class=\"thrv_paste_content thrv_wrapper tve_empty_dropzone\"><\/div><\/div>\n<\/div>\n<\/div>\n<div class=\"tve_clear\"><\/div>\n<\/div><div class=\"thrv_wrapper\" style=\"margin-top: 10px !important;\">\n<hr class=\"tve_sep tve_sep1\">\n<\/div><div class=\"thrv_wrapper thrv_heading\" data-tag=\"h5\"><h5 class=\"\">Installations r\u00e9centes<\/h5><\/div><div class=\"thrv_wrapper thrv-columns\"><div class=\"tcb-flex-row tcb--cols--2\">\n<div class=\"tcb-flex-col tve_empty_dropzone\"><div class=\"tcb-col tve_empty_dropzone\"><div style=\"width: 300px\" class=\"thrv_wrapper tve_image_caption\"><span class=\"tve_image_frame\"><img class=\"tve_image\" alt=\"decorative window films\" style=\"width: 300px\" src=\"\/\/accessprotection1.com\/wp-content\/uploads\/2017\/09\/decorative-films-.jpg\" data-attachment-id=\"1569\" width=\"300\" height=\"250\"><\/span><\/div><\/div><\/div>\n<div class=\"tcb-flex-col tve_empty_dropzone\"><div class=\"tcb-col tve_empty_dropzone\"><div style=\"width: 300px\" class=\"thrv_wrapper tve_image_caption\"><span class=\"tve_image_frame\"><img class=\"tve_image\" alt=\"decorative window films 1\" style=\"width: 300px\" src=\"\/\/accessprotection1.com\/wp-content\/uploads\/2017\/09\/decorative-films-1.jpg\" data-attachment-id=\"1570\" width=\"300\" height=\"250\"><\/span><\/div><\/div><\/div>\n<\/div><\/div><div class=\"thrv_wrapper thrv-columns\"><div class=\"tcb-flex-row tcb--cols--2\">\n<div class=\"tcb-flex-col tve_empty_dropzone\"><div class=\"tcb-col tve_empty_dropzone\"><div style=\"width: 300px\" class=\"thrv_wrapper tve_image_caption\"><span class=\"tve_image_frame\"><img class=\"tve_image\" alt=\"decorative window films 2\" style=\"width: 300px\" src=\"\/\/accessprotection1.com\/wp-content\/uploads\/2017\/09\/decorative-films-2.jpg\" data-attachment-id=\"1571\" width=\"300\" height=\"250\"><\/span><\/div><\/div><\/div>\n<div class=\"tcb-flex-col tve_empty_dropzone\"><div class=\"tcb-col tve_empty_dropzone\"><div style=\"width: 300px\" class=\"thrv_wrapper tve_image_caption\"><span class=\"tve_image_frame\"><img class=\"tve_image\" alt=\"decorative window films 3\" style=\"width: 300px\" src=\"\/\/accessprotection1.com\/wp-content\/uploads\/2017\/09\/decorative-films-3.jpg\" data-attachment-id=\"1572\" width=\"300\" height=\"250\"><\/span><\/div><\/div><\/div>\n<\/div><\/div><div class=\"thrv_wrapper thrv-columns\"><div class=\"tcb-flex-row tcb--cols--2\">\n<div class=\"tcb-flex-col tve_empty_dropzone\"><div class=\"tcb-col tve_empty_dropzone\"><div style=\"width: 300px\" class=\"thrv_wrapper tve_image_caption\"><span class=\"tve_image_frame\"><img class=\"tve_image\" alt=\"decorative window films 4\" style=\"width: 300px\" src=\"\/\/accessprotection1.com\/wp-content\/uploads\/2017\/09\/decorative-films-4.jpg\" data-attachment-id=\"1573\" width=\"300\" height=\"250\"><\/span><\/div><\/div><\/div>\n<div class=\"tcb-flex-col tve_empty_dropzone\"><div class=\"tcb-col tve_empty_dropzone\"><div style=\"width: 300px\" class=\"thrv_wrapper tve_image_caption\"><span class=\"tve_image_frame\"><img class=\"tve_image tve_active_image\" alt=\"decorative window films 5\" style=\"width: 300px\" src=\"\/\/accessprotection1.com\/wp-content\/uploads\/2017\/09\/decorative-films-5.jpg\" data-attachment-id=\"1574\" width=\"300\" height=\"250\"><\/span><\/div><\/div><\/div>\n<\/div><\/div><div style=\"width: 300px\" class=\"thrv_wrapper tve_image_caption\"><span class=\"tve_image_frame\"><img class=\"tve_image\" alt=\"decorative window films 5\" style=\"width: 300px\" src=\"\/\/accessprotection1.com\/wp-content\/uploads\/2017\/09\/decorative-films-6.jpg\" data-attachment-id=\"1575\" width=\"300\" height=\"250\"><\/span><\/div><\/div><div class=\"thrv_wrapper thrv_page_section\" data-tve-style=\"1\" style=\"margin-bottom: -21px !important; margin-top: 40px !important;\">\n<div class=\"pswr out\" style=\"background-image: url(&quot;https:\/\/accessprotection1.com\/wp-content\/themes\/minus\/images\/patterns\/retina_wood.png&quot;); background-repeat: repeat;\" data-tve-custom-colour=\"87034376\">\n<div class=\"in darkSec pddbg\" style=\"box-sizing: border-box; background-image: url(&quot;\/\/accessprotection1.com\/wp-content\/uploads\/2017\/08\/Orange-cta.jpg&quot;); max-width: 1603px; box-shadow: rgba(0, 0, 0, 0) 0px 0px 8px 4px inset, rgba(0, 0, 0, 0) 0px 0px 7px 3px; padding: 0px !important;\" data-width=\"1920\" data-height=\"200\">\n<div class=\"cck tve_clearfix tve_empty_dropzone\">\n<div class=\"thrv_wrapper thrv-columns\"><div class=\"tcb-flex-row tcb--cols--2\">\n<div class=\"tcb-flex-col tve_empty_dropzone\"><div class=\"tcb-col tve_empty_dropzone\"><div class=\"thrv_paste_content thrv_wrapper tve_empty_dropzone\"><div class=\"thrv_wrapper thrv_text_element tve_empty_dropzone\"><h2 class=\"rft bold_text\" style=\"color: rgb(66, 66, 66); margin-bottom: 0px !important;\"><span class=\"bold_text\"><\/span><font color=\"#424242\">Demandez \u00e0 un expert :<\/font><\/h2><p style=\"color: rgb(66, 66, 66);\">Nous pouvons vous aider \u00e0 choisir la bonne option de pellicule de vitre<\/p><\/div><\/div><\/div><\/div>\n<div class=\"tcb-flex-col tve_empty_dropzone\"><div class=\"tcb-col tve_empty_dropzone\"><div class=\"thrv_paste_content thrv_wrapper\"><\/div><div class=\"thrv_wrapper thrv_custom_html_shortcode on_hover\" style=\"margin-top: 0px !important; margin-bottom: 0px !important; padding-top: 10px !important;\"><div id=\"ctabox\">\n<a href=\"\/free-estimate\/\" style=\"text-decoration:none;font-size:20px\" class=\"\">APPELEZ-NOUS D\u00c8S AUJOURD'HUI POUR UNE ESTIMATION GRATUITE<\/a><br>\n<span style=\"font-size:26px;font-weight:bold;\"><a onclick=\"gtag('event', 'click', {'event_category': 'Footer Phone Number', 'event_label': 'Phone Number Clicked', 'value': '0'});\" class=\"hov\" style=\"margin-top: 40px;text-decoration:none;\" href=\"tel:289-769-9507\">289.769.9507<\/a> | <a onclick=\"gtag('event', 'click', {'event_category': 'Footer Phone Number', 'event_label': 'Phone Number Clicked', 'value': '0'});\" class=\"hov\" style=\"margin-top: 40px;text-decoration:none;\" href=\"tel:514.616.2900\">514.616.2900<\/a><\/span>\n<\/div><\/div><\/div><\/div>\n<\/div><\/div>\n<\/div>\n<\/div>\n<\/div>\n<\/div>","tve_custom_css":"[data-tve-custom-colour=\"87034376\"] { box-shadow: rgba(0, 0, 0, 0) 0px 0px 8px 4px inset, rgba(0, 0, 0, 0) 0px 0px 7px 3px !important; border-color: rgb(24, 24, 24) !important; }","tve_user_custom_css":"","tve_globals":{"e":"1","font_cls":[]},"tcb2_ready":1,"tcb_editor_enabled":1,"tve_landing_page":"","_tve_header":"","_tve_footer":""},"class_list":["post-1586","page","type-page","status-publish","hentry"],"_links":{"self":[{"href":"https:\/\/accessprotection1.com\/fr\/wp-json\/wp\/v2\/pages\/1586","targetHints":{"allow":["GET"]}}],"collection":[{"href":"https:\/\/accessprotection1.com\/fr\/wp-json\/wp\/v2\/pages"}],"about":[{"href":"https:\/\/accessprotection1.com\/fr\/wp-json\/wp\/v2\/types\/page"}],"author":[{"embeddable":true,"href":"https:\/\/accessprotection1.com\/fr\/wp-json\/wp\/v2\/users\/1"}],"replies":[{"embeddable":true,"href":"https:\/\/accessprotection1.com\/fr\/wp-json\/wp\/v2\/comments?post=1586"}],"version-history":[{"count":0,"href":"https:\/\/accessprotection1.com\/fr\/wp-json\/wp\/v2\/pages\/1586\/revisions"}],"wp:attachment":[{"href":"https:\/\/accessprotection1.com\/fr\/wp-json\/wp\/v2\/media?parent=1586"}],"curies":[{"name":"wp","href":"https:\/\/api.w.org\/{rel}","templated":true}]}}