{"id":1590,"date":"2017-08-11T11:26:33","date_gmt":"2017-08-11T15:26:33","guid":{"rendered":"http:\/\/accessprotection1.com\/installation\/"},"modified":"2026-04-09T10:36:05","modified_gmt":"2026-04-09T14:36:05","slug":"installation","status":"publish","type":"page","link":"https:\/\/accessprotection1.com\/fr\/installation\/","title":{"rendered":"Installation"},"content":{"rendered":"<h1 class=\"tve_p_center\">Services d&rsquo;installation \u00e0 travers le Canada<\/h1>\n<p><span class=\"tve_image_frame\"><img decoding=\"async\" class=\"tve_image\" style=\"width: 404px;\" src=\"\/\/accessprotection1.com\/wp-content\/uploads\/2017\/08\/canada-day-vector-map.jpg\" alt=\"installation de pellicule de fen\u00eatre\" width=\"404\" height=\"283\" data-attachment-id=\"1528\" title=\"\"><\/span><\/p>\n<p>Nous avons des installateurs professionnels \u00e0 travers le Canada et nous pouvons vous aider \u00e0 installer des <a href=\"https:\/\/accessprotection1.com\/fr\/pellicule-solaire\/\">pellicules solaires<\/a>, des <a href=\"https:\/\/accessprotection1.com\/fr\/pellicules-securite-et-protection\/\">pellicules de s\u00e9curit\u00e9 et de protections<\/a> et des <a href=\"https:\/\/accessprotection1.com\/fr\/pellicules-decoratives\/\">pellicules d\u00e9coratives<\/a> sur des \u00e9difices commerciaux, des boutiques ou votre maison.<\/p>\n<p>Plusieurs pellicules sont optiquement claires, ce qui signifie qu&rsquo;elles sont quasi ind\u00e9tectables \u00e0 l&rsquo;int\u00e9rieur ou \u00e0 l&rsquo;ext\u00e9rieur. D&rsquo;autres offrent une teinte ou une r\u00e9flectivit\u00e9 qui augmentent votre intimit\u00e9 et qui embellissent le look de votre maison, bureau ou espace d&rsquo;affaires commercial. Nos installateurs professionnels ajusteront et installeront la pellicule \u00e0 l&rsquo;int\u00e9rieur de vos fen\u00eatres existantes.<\/p>\n<p>Nous avons l&rsquo;\u00e9quipe en place pour fournir des services aux grandes villes suivantes et nous avons des \u00e9quipes mobiles pour servir des plus petites villes \u00e0 travers le Canada :<\/p>\n<p>\u2022Montr\u00e9al\u2022Toronto\u2022Qu\u00e9bec\u2022Winnipeg\u2022Calgary\u2022Edmonton\u2022Vancouver\u2022Halifax\u2022Winnipeg\u2022St. Johns<\/p>\n<p>\u200b<\/p>\n<p><span class=\"bold_text\">Pour plus de d\u00e9tails sur nos services d&rsquo;installation de <\/span><a href=\"https:\/\/accessprotection1.com\/fr\/\"><span class=\"bold_text\">pellicules pour fen\u00eatres<\/span><\/a><span class=\"bold_text\">, veuillez communiquer avec notre \u00e9quipe pour une soumission gratuite au 1-855-694-6810<\/span><\/p>\n<p>\u200b<\/p>\n<h2 class=\"rft bold_text\" style=\"color: #424242; margin-bottom: 0px !important;\">Demandez \u00e0 un expert :<\/h2>\n<p style=\"color: #424242;\">Nous pouvons vous aider \u00e0 choisir la bonne option de pellicule de vitre<\/p>\n<p><a class=\"\" style=\"text-decoration: none; font-size: 20px;\" href=\"\/free-estimate\/\">APPELEZ-NOUS D\u00c8S AUJOURD&rsquo;HUI POUR UNE ESTIMATION GRATUITE<\/a><span style=\"font-size: 26px; font-weight: bold;\"><a class=\"hov\" style=\"margin-top: 40px; text-decoration: none;\" href=\"tel:289-769-9507\">289.769.9507<\/a> | <a class=\"hov\" style=\"margin-top: 40px; text-decoration: none;\" href=\"tel:514.616.2900\">514.616.2900<\/a><\/span><\/p>\n","protected":false},"excerpt":{"rendered":"<p>Services d&rsquo;installation \u00e0 travers le Canada Nous avons des installateurs professionnels \u00e0 travers le Canada et nous pouvons vous aider \u00e0 installer des pellicules solaires, des pellicules de s\u00e9curit\u00e9 et de protections et des pellicules d\u00e9coratives sur des \u00e9difices commerciaux, des boutiques ou votre maison. Plusieurs pellicules sont optiquement claires, ce qui signifie qu&rsquo;elles sont [&hellip;]<\/p>\n","protected":false},"author":1,"featured_media":0,"parent":0,"menu_order":6,"comment_status":"closed","ping_status":"closed","template":"","meta":{"footnotes":"","tve_updated_post":"<div class=\"thrv_wrapper thrv_content_container_shortcode\">\n<div class=\"tve_clear\"><\/div>\n<div class=\"tve_content_inner tve_right tve_empty_dropzone\" style=\"min-width: 50px; min-height: 2em; width: 1056px;\">\n<div class=\"thrv_paste_content thrv_wrapper tve_empty_dropzone\"><div class=\"thrv_wrapper thrv_heading\" data-tag=\"h1\"><h1 class=\"tve_p_center\">Services d'installation \u00e0 travers le Canada<\/h1><\/div><\/div><div style=\"width: 404px;\" class=\"thrv_wrapper tve_image_caption alignleft\"><span class=\"tve_image_frame\"><img class=\"tve_image\" alt=\"installation de pellicule de fen\u00eatre\" style=\"width: 404px;\" src=\"\/\/accessprotection1.com\/wp-content\/uploads\/2017\/08\/canada-day-vector-map.jpg\" width=\"404\" height=\"283\" data-attachment-id=\"1528\"><\/span><\/div><div class=\"thrv_paste_content thrv_wrapper tve_empty_dropzone\"><div class=\"thrv_wrapper thrv_text_element tve_empty_dropzone\"><p>Nous avons des installateurs professionnels \u00e0 travers le Canada et nous pouvons vous aider \u00e0 installer des <a href=\"https:\/\/accessprotection1.com\/fr\/pellicule-solaire\/\">pellicules solaires<\/a>, des <a href=\"https:\/\/accessprotection1.com\/fr\/pellicules-securite-et-protection\/\">pellicules de s\u00e9curit\u00e9 et de protections<\/a> et des <a href=\"https:\/\/accessprotection1.com\/fr\/pellicules-decoratives\/\">pellicules d\u00e9coratives<\/a> sur des \u00e9difices commerciaux, des boutiques ou votre maison.<\/p><p>Plusieurs pellicules sont optiquement claires, ce qui signifie qu'elles sont quasi ind\u00e9tectables \u00e0 l'int\u00e9rieur ou \u00e0 l'ext\u00e9rieur. D'autres offrent une teinte ou une r\u00e9flectivit\u00e9 qui augmentent votre intimit\u00e9 et qui embellissent le look de votre maison, bureau ou espace d'affaires commercial. Nos installateurs professionnels ajusteront et installeront la pellicule \u00e0 l'int\u00e9rieur de vos fen\u00eatres existantes.<\/p><p>Nous avons l'\u00e9quipe en place pour fournir des services aux grandes villes suivantes et nous avons des \u00e9quipes mobiles pour servir des plus petites villes \u00e0 travers le Canada :<\/p><\/div><div class=\"thrv_wrapper thrv-columns\"><div class=\"tcb-flex-row tcb--cols--2\">\n<div class=\"tcb-flex-col tve_empty_dropzone\"><div class=\"tcb-col tve_empty_dropzone\"><div class=\"tve_wp_shortcode thrv_wrapper\"><div class=\"tve_shortcode_raw\" style=\"display: none\">___TVE_SHORTCODE_RAW__\u2022\tMontr\u00e9al\n\u2022\tToronto\n\u2022\tQu\u00e9bec\n\u2022\tWinnipeg\n\u2022\tCalgary__TVE_SHORTCODE_RAW___<\/div><\/div><\/div><\/div>\n<div class=\"tcb-flex-col tve_empty_dropzone\"><div class=\"tcb-col tve_empty_dropzone\"><div class=\"tve_wp_shortcode thrv_wrapper\"><div class=\"tve_shortcode_raw\" style=\"display: none\">___TVE_SHORTCODE_RAW__\u2022\tEdmonton\n\u2022\tVancouver\n\u2022\tHalifax\n\u2022\tWinnipeg\n\u2022\tSt. Johns__TVE_SHORTCODE_RAW___<\/div><\/div><\/div><\/div>\n<\/div><\/div><div class=\"thrv_wrapper thrv_text_element tve_empty_dropzone\"><p>\u200b<br><\/p><p><span class=\"bold_text\">Pour plus de d\u00e9tails sur nos services d'installation de <\/span><a href=\"https:\/\/accessprotection1.com\/fr\/\"><span class=\"bold_text\">pellicules pour fen\u00eatres<\/span><\/a><span class=\"bold_text\">, veuillez communiquer avec notre \u00e9quipe pour une soumission gratuite au 1-855-694-6810<\/span><\/p><\/div><\/div><div class=\"thrv_wrapper thrv_text_element tve_empty_dropzone\"><p>\u200b<\/p><\/div>\n<\/div>\n<div class=\"tve_clear\"><\/div>\n<\/div><div class=\"thrv_wrapper thrv_page_section\" data-tve-style=\"1\" style=\"margin-bottom: -21px !important;\">\n<div class=\"pswr out\" style=\"background-image: url(&quot;https:\/\/accessprotection1.com\/wp-content\/themes\/minus\/images\/patterns\/retina_wood.png&quot;); background-repeat: repeat;\" data-tve-custom-colour=\"38762993\">\n<div class=\"in darkSec pddbg\" style=\"box-sizing: border-box; background-image: url(&quot;https:\/\/accessprotection1.com\/wp-content\/uploads\/2017\/08\/Orange-cta.jpg&quot;); max-width: 1814px; box-shadow: rgba(0, 0, 0, 0) 0px 0px 8px 4px inset, rgba(0, 0, 0, 0) 0px 0px 7px 3px; padding: 0px !important;\" data-width=\"1920\" data-height=\"200\">\n<div class=\"cck tve_clearfix tve_empty_dropzone\">\n<div class=\"thrv_wrapper thrv-columns\"><div class=\"tcb-flex-row tcb--cols--2\">\n<div class=\"tcb-flex-col tve_empty_dropzone\"><div class=\"tcb-col tve_empty_dropzone\"><div class=\"thrv_paste_content thrv_wrapper tve_empty_dropzone\"><div class=\"thrv_wrapper thrv_text_element tve_empty_dropzone\"><h2 class=\"rft bold_text\" style=\"color: rgb(66, 66, 66); margin-bottom: 0px !important;\"><span class=\"bold_text\"><\/span><font color=\"#424242\">Demandez \u00e0 un expert :<\/font><\/h2><p style=\"color: rgb(66, 66, 66);\">Nous pouvons vous aider \u00e0 choisir la bonne option de pellicule de vitre<\/p><\/div><\/div><\/div><\/div>\n<div class=\"tcb-flex-col tve_empty_dropzone\"><div class=\"tcb-col tve_empty_dropzone\"><div class=\"thrv_paste_content thrv_wrapper\"><\/div><div class=\"thrv_wrapper thrv_custom_html_shortcode\" style=\"margin-top: 0px !important; margin-bottom: 0px !important; padding-top: 10px !important;\"><div id=\"ctabox\">\n<a href=\"\/free-estimate\/\" style=\"text-decoration:none;font-size:20px\" class=\"\">APPELEZ-NOUS D\u00c8S AUJOURD'HUI POUR UNE ESTIMATION GRATUITE<\/a><br>\n<span style=\"font-size:26px;font-weight:bold;\"><a onclick=\"gtag('event', 'click', {'event_category': 'Footer Phone Number', 'event_label': 'Phone Number Clicked', 'value': '0'});\" class=\"hov\" style=\"margin-top: 40px;text-decoration:none;\" href=\"tel:289-769-9507\">289.769.9507<\/a> | <a onclick=\"gtag('event', 'click', {'event_category': 'Footer Phone Number', 'event_label': 'Phone Number Clicked', 'value': '0'});\" class=\"hov\" style=\"margin-top: 40px;text-decoration:none;\" href=\"tel:514.616.2900\">514.616.2900<\/a><\/span>\n<\/div><\/div><\/div><\/div>\n<\/div><\/div>\n<\/div>\n<\/div>\n<\/div>\n<\/div>","tve_custom_css":"[data-tve-custom-colour=\"38762993\"] { box-shadow: rgba(0, 0, 0, 0) 0px 0px 8px 4px inset, rgba(0, 0, 0, 0) 0px 0px 7px 3px !important; border-color: rgb(24, 24, 24) !important; }","tve_user_custom_css":"","tve_globals":{"e":"1","font_cls":[]},"tcb2_ready":1,"tcb_editor_enabled":1,"tve_landing_page":"","_tve_header":"","_tve_footer":""},"class_list":["post-1590","page","type-page","status-publish","hentry"],"_links":{"self":[{"href":"https:\/\/accessprotection1.com\/fr\/wp-json\/wp\/v2\/pages\/1590","targetHints":{"allow":["GET"]}}],"collection":[{"href":"https:\/\/accessprotection1.com\/fr\/wp-json\/wp\/v2\/pages"}],"about":[{"href":"https:\/\/accessprotection1.com\/fr\/wp-json\/wp\/v2\/types\/page"}],"author":[{"embeddable":true,"href":"https:\/\/accessprotection1.com\/fr\/wp-json\/wp\/v2\/users\/1"}],"replies":[{"embeddable":true,"href":"https:\/\/accessprotection1.com\/fr\/wp-json\/wp\/v2\/comments?post=1590"}],"version-history":[{"count":0,"href":"https:\/\/accessprotection1.com\/fr\/wp-json\/wp\/v2\/pages\/1590\/revisions"}],"wp:attachment":[{"href":"https:\/\/accessprotection1.com\/fr\/wp-json\/wp\/v2\/media?parent=1590"}],"curies":[{"name":"wp","href":"https:\/\/api.w.org\/{rel}","templated":true}]}}