{"id":1618,"date":"2017-08-16T09:38:37","date_gmt":"2017-08-16T13:38:37","guid":{"rendered":"http:\/\/accessprotection1.com\/privacy-policy\/"},"modified":"2019-05-23T15:15:26","modified_gmt":"2019-05-23T19:15:26","slug":"confidentialite","status":"publish","type":"page","link":"https:\/\/accessprotection1.com\/fr\/confidentialite\/","title":{"rendered":"Confidentialit\u00e9"},"content":{"rendered":"","protected":false},"excerpt":{"rendered":"","protected":false},"author":1,"featured_media":0,"parent":0,"menu_order":13,"comment_status":"closed","ping_status":"closed","template":"","meta":{"footnotes":"","tve_updated_post":"<div class=\"thrv_paste_content thrv_wrapper tve_empty_dropzone\"><h5 class=\"\"><span class=\"bold_text\">Confidentialit\u00e9<\/span><\/h5><p>Access Protection&nbsp;Centre Dentaire Pierrefonds a cr\u00e9\u00e9 cette politique de confidentialit\u00e9 afin de d\u00e9montrer notre engagement envers votre droit \u00e0 la confidentialit\u00e9. La politique suivante d\u00e9crit nos pratiques concernant le rassemblement de vos renseignements personnels ainsi que leur utilisation dans le cadre de ce site web.<\/p><p><span class=\"bold_text\"><\/span><span class=\"bold_text\">Renseignements personnels<\/span><\/p><p>Lorsque que vous acc\u00e9dez \u00e0 un service qui n\u00e9cessite une inscription, nous vous demandons de fournir des renseignements personnels. Ces informations ne seront pas utilis\u00e9es de mani\u00e8re diff\u00e9rente que celle pour laquelle elles ont \u00e9t\u00e9 recueillies, le cas \u00e9ch\u00e9ant Access Protection Solution&nbsp;devra obtenir votre consentement pr\u00e9alable.<\/p><p>Nous n\u2019allons pas vendre, \u00e9changer ou donner les noms, adresses courriel, ou coordonn\u00e9es de nos abonn\u00e9s.<\/p><p>Vous pouvez en tout temps refuser de nous fournir vos renseignements personnels, par contre, il se peut que vous ne puissiez b\u00e9n\u00e9ficier de tous les services que Centre Dentaire Pierrefonds a \u00e0 vous offrir.<\/p><p><span class=\"bold_text\"><\/span><span class=\"bold_text\">Changements de politique de confidentialit\u00e9<\/span><\/p><p>Nous nous r\u00e9servons le droit de modifier cette politique de confidentialit\u00e9, par contre nous ne r\u00e9duirons pas vos droits en vertu de la pr\u00e9sente politique sans votre consentement pr\u00e9alable.<\/p><p><span class=\"bold_text\">Pour nous joindre<\/span><\/p><p>Si vous avez des questions concernant cette politique de confidentialit\u00e9, les pratiques de ce site ou vos interactions avec ce site, vous pouvez nous contacter par courriel \u00e0 l\u2019adresse suivante :&nbsp;info@accessprotection1.com<\/p><\/div>","tve_custom_css":"","tve_user_custom_css":"","tve_globals":{"e":"1","font_cls":[]},"tcb2_ready":1,"tcb_editor_enabled":1,"tve_landing_page":"","_tve_header":"","_tve_footer":""},"class_list":["post-1618","page","type-page","status-publish","hentry"],"_links":{"self":[{"href":"https:\/\/accessprotection1.com\/fr\/wp-json\/wp\/v2\/pages\/1618","targetHints":{"allow":["GET"]}}],"collection":[{"href":"https:\/\/accessprotection1.com\/fr\/wp-json\/wp\/v2\/pages"}],"about":[{"href":"https:\/\/accessprotection1.com\/fr\/wp-json\/wp\/v2\/types\/page"}],"author":[{"embeddable":true,"href":"https:\/\/accessprotection1.com\/fr\/wp-json\/wp\/v2\/users\/1"}],"replies":[{"embeddable":true,"href":"https:\/\/accessprotection1.com\/fr\/wp-json\/wp\/v2\/comments?post=1618"}],"version-history":[{"count":0,"href":"https:\/\/accessprotection1.com\/fr\/wp-json\/wp\/v2\/pages\/1618\/revisions"}],"wp:attachment":[{"href":"https:\/\/accessprotection1.com\/fr\/wp-json\/wp\/v2\/media?parent=1618"}],"curies":[{"name":"wp","href":"https:\/\/api.w.org\/{rel}","templated":true}]}}