{"id":1638,"date":"2018-07-19T14:25:39","date_gmt":"2018-07-19T18:25:39","guid":{"rendered":"https:\/\/accessprotection1.com\/solutions-de-lindustrie\/bird-deterrent-solutions\/"},"modified":"2025-08-21T06:10:25","modified_gmt":"2025-08-21T10:10:25","slug":"solutions-dissuasives-pour-les-oiseaux","status":"publish","type":"page","link":"https:\/\/accessprotection1.com\/fr\/solutions-de-lindustrie\/solutions-dissuasives-pour-les-oiseaux\/","title":{"rendered":"Solutions pour pr\u00e9venir les collisions d\u2019oiseaux avec les fen\u00eatres"},"content":{"rendered":"<h1>Solutions dissuasives pour les oiseaux<\/h1>\n<p><span style=\"width: 100%;\"><img decoding=\"async\" alt=\"pellicule de fen\u00eatre pour les oiseaux\" width=\"1056\" height=\"400\" title=\"pellicule de fen\u00eatre pour les oiseaux\" data-id=\"1642\" src=\"\/\/accessprotection1.com\/wp-content\/uploads\/2018\/07\/bird-deterant-header.jpg\" style=\"\"><\/span><\/p>\n<h6 style=\"text-align: center;\"><strong>Utilisation<\/strong><\/h6>\n<p style=\"text-align: center;\">Pr\u00e9vient les collisions des oiseaux avec les fen\u00eatres<\/p>\n<h6 style=\"text-align: center;\"><strong>Apparence<\/strong><\/h6>\n<p style=\"text-align: center;\">Clair avec un motif \u00e0 espacement sp\u00e9cifique<\/p>\n<h6 style=\"text-align: center;\"><strong><\/strong><strong>Installation<\/strong><\/h6>\n<p style=\"text-align: center;\">Install\u00e9e \u00e0 l&rsquo;ext\u00e9rieur.<\/p>\n<h6 style=\"text-align: center;\"><strong>Garantie<\/strong><\/h6>\n<p style=\"text-align: center;\">6 ans, couvre le produit de base seulement<\/p>\n<p>Les films pour fen\u00eatres destin\u00e9s \u00e0 pr\u00e9venir les collisions avec les oiseaux peuvent consid\u00e9rablement contribuer \u00e0 r\u00e9duire et \u00e0 \u00e9liminer les collisions entre les oiseaux et les immeubles commerciaux et r\u00e9sidentiels de grande hauteur.Au Canada, on estime qu&rsquo;environ 1 milliard d&rsquo;oiseaux meurent chaque ann\u00e9e suite \u00e0 des collisions avec des fen\u00eatres. Un tr\u00e8s grand nombre de ces accidents mortels se produisent \u00e0 Toronto, \u00e9tant donn\u00e9 sa proximit\u00e9 au Lac Ontario, la pr\u00e9sence de nombreux parcours migratoires et une abondance d&rsquo;\u00e9difices de faible et moyenne hauteur, ainsi que de gratte-ciels.Toronto est devenue la premi\u00e8re municipalit\u00e9 \u00e0 exiger des standards architecturaux favorables aux oiseaux pour les nouveaux d\u00e9veloppements afin de pr\u00e9venir les d\u00e9c\u00e8s inutiles d&rsquo;oiseaux migratoires dans la ville.R\u00e9dig\u00e9e en 2011, la Norme verte de Toronto exige un dissuasif de collision pour les oiseaux pour tout nouveau d\u00e9veloppement. Ces exigences doivent \u00eatre appliqu\u00e9es aux types d&rsquo;\u00e9difices suivants :\u2022 D\u00e9veloppement r\u00e9sidentiel de 4 \u00e9tages et plus\u2009;\u2022 Tout d\u00e9veloppement non r\u00e9sidentiel\u2009;\u2022 D\u00e9veloppement r\u00e9sidentiel de faible hauteur (en vertu de la section 9 du Code du b\u00e2timent de l&rsquo;Ontario) situ\u00e9 pr\u00e8s d&rsquo;un ravin ou d&rsquo;une r\u00e9gion naturelle et contenant plus de 5 unit\u00e9s.<\/p>\n<h2>Le probl\u00e8me&nbsp;<\/h2>\n<p>Les oiseaux sont incapables de percevoir des images r\u00e9fl\u00e9chies dans la vitre comme \u00e9tant des reflets et voleront par cons\u00e9quent dans des fen\u00eatres qui semblent pour eux \u00eatre des arbres ou le ciel. Ils sont aussi incapables de percevoir la vitre claire comme un objet solide.<\/p>\n<p>\u00c0 mesure que les zones urbaines continuent \u00e0 se d\u00e9velopper, les dangers pour les oiseaux migrateurs augmentent. Des changements en mati\u00e8re de construction permettent maintenant un plus grand usage de la vitre dans les \u00e9difices, ce qui les rend encore plus dangereux pour les oiseaux. La majorit\u00e9 des nouveaux gratte-ciels et \u00e9difices de hauteur moyenne de Toronto contient au moins 60 pour cent de verre.<\/p>\n<p><span><img decoding=\"async\" alt=\"pellicule de fen\u00eatre pour les oiseaux\" width=\"1056\" height=\"400\" title=\"pellicule de fen\u00eatre pour les oiseaux\" data-id=\"1646\" src=\"\/\/accessprotection1.com\/wp-content\/uploads\/2018\/07\/bird-deterant-header-2.jpg\"><\/span><\/p>\n<h2>La solution : Les pellicules pour fen\u00eatre anti-collision<\/h2>\n<p>Heureusement, il existe des solutions qui r\u00e9duiront le nombre de d\u00e9c\u00e8s d&rsquo;oiseaux tout en pr\u00e9servant l&rsquo;architecture.<\/p>\n<p>Des images ou des motifs peuvent \u00eatre appliqu\u00e9s sur la vitre d&rsquo;un \u00e9difice, fournissant ainsi des \u00ab\u2009marqueurs visuels\u2009\u00bb qui alertent les oiseaux que ces objets solides doivent \u00eatre \u00e9vit\u00e9s. Tout motif contribuera \u00e0 r\u00e9duire le nombre de d\u00e9c\u00e8s, mais plus le motif est dense, plus son efficacit\u00e9 augmentera.<\/p>\n<p>Des pellicules adh\u00e9sives dissuasives pour les oiseaux peuvent \u00eatre appliqu\u00e9es directement \u00e0 l&rsquo;ext\u00e9rieur de la vitre. Ces pellicules sont visibles pour les oiseaux sans compromettre la vue de l&rsquo;int\u00e9rieur de l&rsquo;\u00e9difice, fournissant une vue claire \u00e0 plus de 98 %.<\/p>\n<p>De plus, ces solutions dissuasives pour les oiseaux se m\u00ealent \u00e0 l&rsquo;architecture, am\u00e9liorant l&rsquo;apparence de l&rsquo;\u00e9difice plut\u00f4t que de lui nuire.<\/p>\n<p>Afin d&rsquo;\u00eatre \u00e9conomiquement viables, les pellicules dissuasives pour les oiseaux doivent durer plusieurs ann\u00e9es. Notre pellicule est soutenue par une garantie de 6 ans, a une dur\u00e9e de vie pr\u00e9vue de 8 ans et ne sera pas affect\u00e9e par le nettoyage des fen\u00eatres.<\/p>\n<h2>Nos solutions dissuasives pour les oiseaux<\/h2>\n<p><!--StartFragment--><a href=\"https:\/\/featherfriendly.com\/\" target=\"_blank\" style=\"outline: none;\" rel=\"noopener\">Feather Friendly\u00ae Window Markers<\/a><\/p>\n<h3>Questions fr\u00e9quemment demand\u00e9es<\/h3>\n<p><span><\/span><\/p>\n<h4><strong>Que mettre sur les fen\u00eatres pour emp\u00eacher les oiseaux de voler dedans ?<\/strong><\/h4>\n<p><strong>Les oiseaux sont incapables de percevoir les fen\u00eatres comme des objets solides. L&rsquo;application d&rsquo;un film sp\u00e9cial \u00e0 motifs fournit des rep\u00e8res visuels qui permettent aux oiseaux de d\u00e9tecter la pr\u00e9sence d&rsquo;une fen\u00eatre sans obstruer la vue de l&rsquo;int\u00e9rieur.<\/strong><\/p>\n<p><span><\/span><\/p>\n<h4><strong>Pourquoi les oiseaux se heurtent-ils sans cesse \u00e0 ma fen\u00eatre ?<\/strong><\/h4>\n<p><strong>Les oiseaux, notamment ceux qui migrent, se heurtent aux fen\u00eatres parce qu&rsquo;ils sont incapables de les d\u00e9tecter, soit parce qu&rsquo;ils ne connaissent pas leur environnement, soit parce qu&rsquo;ils consid\u00e8rent le reflet de la fen\u00eatre comme une extension du ciel et des arbres. L&rsquo;ajout d&rsquo;un film pour fen\u00eatres destin\u00e9 \u00e0 pr\u00e9venir les collisions avec les oiseaux sur votre fen\u00eatre aidera ces derniers \u00e0 la d\u00e9tecter et \u00e0 \u00e9viter les collisions fatales.<\/strong><\/p>\n<h3><\/h3>\n<p>Si vous avez des questions sur les films pour fen\u00eatres, les&nbsp;<a href=\"https:\/\/accessprotection1.com\/fr\/pellicule-solaire\/\">pellicules solaires pour fen\u00eatres<\/a>, les films de s\u00e9curit\u00e9 pour fen\u00eatres ou les films pour fen\u00eatres destin\u00e9s \u00e0 pr\u00e9venir les impacts d&rsquo;oiseaux, nous vous invitons \u00e0&nbsp;<a href=\"https:\/\/accessprotection1.com\/fr\/contactez-nous\/\">nous contacter<\/a> d\u00e8s aujourd&rsquo;hui. Nous nous ferons un plaisir de r\u00e9pondre \u00e0 vos questions sur les pellicules pour fen\u00eatres aidant \u00e0 pr\u00e9venir les collisions d&rsquo;oiseaux et sur l&rsquo;installation de pellicules pour fen\u00eatres dans des locaux commerciaux ou r\u00e9sidentiels.<\/p>\n<h2 style=\"color: rgb(66, 66, 66); margin-bottom: 0px !important;\"><span><\/span>Demandez \u00e0 un expert :<\/h2>\n<p style=\"color: rgb(66, 66, 66);\">Nous pouvons vous aider \u00e0 choisir la bonne option de pellicule de vitre<\/p>\n<p><a href=\"https:\/\/accessprotection1.com\/fr\/estimation-gratuite\/\" style=\"text-decoration:none;font-size:20px\">APPELEZ-NOUS D\u00c8S AUJOURD&rsquo;HUI POUR UNE ESTIMATION GRATUITE<\/a><span style=\"font-size:26px;font-weight:bold;\"><a onclick=\"gtag('event', 'click', {'event_category': 'Footer Phone Number', 'event_label': 'Phone Number Clicked', 'value': '0'});\" style=\"margin-top: 40px;text-decoration:none;\" href=\"tel:289-769-9507\">289.769.9507<\/a> | <a onclick=\"gtag('event', 'click', {'event_category': 'Footer Phone Number', 'event_label': 'Phone Number Clicked', 'value': '0'});\" style=\"margin-top: 40px;text-decoration:none;\" href=\"tel:514.616.2900\">514.616.2900<\/a><\/span><\/p>\n","protected":false},"excerpt":{"rendered":"<p>Solutions dissuasives pour les oiseaux Utilisation Pr\u00e9vient les collisions des oiseaux avec les fen\u00eatres Apparence Clair avec un motif \u00e0 espacement sp\u00e9cifique Installation Install\u00e9e \u00e0 l&rsquo;ext\u00e9rieur. Garantie 6 ans, couvre le produit de base seulement Les films pour fen\u00eatres destin\u00e9s \u00e0 pr\u00e9venir les collisions avec les oiseaux peuvent consid\u00e9rablement contribuer \u00e0 r\u00e9duire et \u00e0 \u00e9liminer [&hellip;]<\/p>\n","protected":false},"author":1,"featured_media":0,"parent":1338,"menu_order":5,"comment_status":"closed","ping_status":"closed","template":"","meta":{"footnotes":"","tve_updated_post":"<div class=\"thrv_wrapper thrv_content_container_shortcode\">\n<div class=\"tve_clear\"><\/div>\n<div class=\"tve_content_inner tve_right tve_empty_dropzone\" style=\"min-width: 50px; min-height: 2em; width: 1056px;\">\n<div class=\"thrv_wrapper thrv_text_element\"><h1 class=\"tve_p_center\">Solutions dissuasives pour les oiseaux<\/h1><\/div>\n<\/div>\n<div class=\"tve_clear\"><\/div>\n<\/div><div class=\"thrv_wrapper tve_image_caption\" data-css=\"tve-u-164cca3cbb1\"><span class=\"tve_image_frame\" style=\"width: 100%;\"><img class=\"tve_image wp-image-1642\" alt=\"pellicule de fen\u00eatre pour les oiseaux\" width=\"1056\" height=\"400\" title=\"pellicule de fen\u00eatre pour les oiseaux\" data-id=\"1642\" src=\"\/\/accessprotection1.com\/wp-content\/uploads\/2018\/07\/bird-deterant-header.jpg\" style=\"\"><\/span><\/div><div class=\"thrv_wrapper thrv-columns\" data-css=\"tve-u-17aa54444f8\" style=\"--tcb-col-el-width: 1060;\"><div class=\"tcb-flex-row tcb--cols--4\"><div class=\"tcb-flex-col\"><div class=\"tcb-col tve_empty_dropzone\"><div class=\"thrv_wrapper thrv_text_element\" data-tag=\"h6\"><h6 style=\"text-align: center;\" class=\"\"><strong>Utilisation<\/strong><\/h6><\/div><div class=\"thrv_wrapper thrv_text_element tve_empty_dropzone\"><p style=\"text-align: center;\">Pr\u00e9vient les collisions des oiseaux avec les fen\u00eatres<\/p><\/div><\/div><\/div><div class=\"tcb-flex-col\"><div class=\"tcb-col tve_empty_dropzone\"><div class=\"thrv_wrapper thrv_text_element\" data-tag=\"h6\"><h6 style=\"text-align: center;\" class=\"\"><strong>Apparence<\/strong><\/h6><\/div><div class=\"thrv_wrapper thrv_text_element tve_empty_dropzone\"><p style=\"text-align: center;\">Clair avec un motif \u00e0 espacement sp\u00e9cifique<\/p><\/div><\/div><\/div><div class=\"tcb-flex-col\"><div class=\"tcb-col tve_empty_dropzone\"><div class=\"thrv_wrapper thrv_text_element\" data-tag=\"h6\"><h6 style=\"text-align: center;\" class=\"\"><strong><\/strong><strong>Installation<\/strong><\/h6><\/div><div class=\"thrv_wrapper thrv_text_element tve_empty_dropzone\"><p style=\"text-align: center;\">Install\u00e9e \u00e0 l'ext\u00e9rieur.<\/p><\/div><\/div><\/div><div class=\"tcb-flex-col\"><div class=\"tcb-col tve_empty_dropzone\"><div class=\"thrv_wrapper thrv_text_element\" data-tag=\"h6\"><h6 style=\"text-align: center;\" class=\"\"><strong>Garantie<\/strong><\/h6><\/div><div class=\"thrv_wrapper thrv_text_element tve_empty_dropzone\"><p style=\"text-align: center;\">6 ans, couvre le produit de base seulement<\/p><\/div><\/div><\/div><\/div><\/div><div class=\"thrv_wrapper tve_empty_dropzone tve-froala fr-box fr-inline thrv_text_element\" data-tag=\"h2\" id=\"\" data-css=\"tve-u-17aa565e1e7\"><div class=\"thrv_wrapper thrv_text_element tve_empty_dropzone\"><p>Les films pour fen\u00eatres destin\u00e9s \u00e0 pr\u00e9venir les collisions avec les oiseaux peuvent consid\u00e9rablement contribuer \u00e0 r\u00e9duire et \u00e0 \u00e9liminer les collisions entre les oiseaux et les immeubles commerciaux et r\u00e9sidentiels de grande hauteur.<br><br>Au Canada, on estime qu'environ 1 milliard d'oiseaux meurent chaque ann\u00e9e suite \u00e0 des collisions avec des fen\u00eatres. Un tr\u00e8s grand nombre de ces accidents mortels se produisent \u00e0 Toronto, \u00e9tant donn\u00e9 sa proximit\u00e9 au Lac Ontario, la pr\u00e9sence de nombreux parcours migratoires et une abondance d'\u00e9difices de faible et moyenne hauteur, ainsi que de gratte-ciels.<br><br>Toronto est devenue la premi\u00e8re municipalit\u00e9 \u00e0 exiger des standards architecturaux favorables aux oiseaux pour les nouveaux d\u00e9veloppements afin de pr\u00e9venir les d\u00e9c\u00e8s inutiles d'oiseaux migratoires dans la ville.<br><br>R\u00e9dig\u00e9e en 2011, la Norme verte de Toronto exige un dissuasif de collision pour les oiseaux pour tout nouveau d\u00e9veloppement. Ces exigences doivent \u00eatre appliqu\u00e9es aux types d'\u00e9difices suivants :<br><br>\u2022 D\u00e9veloppement r\u00e9sidentiel de 4 \u00e9tages et plus\u2009;<br><br>\u2022 Tout d\u00e9veloppement non r\u00e9sidentiel\u2009;<br><br>\u2022 D\u00e9veloppement r\u00e9sidentiel de faible hauteur (en vertu de la section 9 du Code du b\u00e2timent de l'Ontario) situ\u00e9 pr\u00e8s d'un ravin ou d'une r\u00e9gion naturelle et contenant plus de 5 unit\u00e9s.<\/p><\/div><div class=\"thrv_wrapper thrv_text_element tve_empty_dropzone\"><h2 class=\"\">Le probl\u00e8me&nbsp;<\/h2><p>Les oiseaux sont incapables de percevoir des images r\u00e9fl\u00e9chies dans la vitre comme \u00e9tant des reflets et voleront par cons\u00e9quent dans des fen\u00eatres qui semblent pour eux \u00eatre des arbres ou le ciel. Ils sont aussi incapables de percevoir la vitre claire comme un objet solide.<\/p><p>\u00c0 mesure que les zones urbaines continuent \u00e0 se d\u00e9velopper, les dangers pour les oiseaux migrateurs augmentent. Des changements en mati\u00e8re de construction permettent maintenant un plus grand usage de la vitre dans les \u00e9difices, ce qui les rend encore plus dangereux pour les oiseaux. La majorit\u00e9 des nouveaux gratte-ciels et \u00e9difices de hauteur moyenne de Toronto contient au moins 60 pour cent de verre.<\/p><\/div><div class=\"thrv_wrapper tve_image_caption\" data-css=\"tve-u-164cca3cbb1\"><span class=\"tve_image_frame\"><img class=\"tve_image wp-image-1646\" alt=\"pellicule de fen\u00eatre pour les oiseaux\" width=\"1056\" height=\"400\" title=\"pellicule de fen\u00eatre pour les oiseaux\" data-id=\"1646\" src=\"\/\/accessprotection1.com\/wp-content\/uploads\/2018\/07\/bird-deterant-header-2.jpg\"><\/span><\/div><div class=\"thrv_wrapper thrv_text_element tve_empty_dropzone\"><h2 class=\"\">La solution : Les pellicules pour fen\u00eatre anti-collision<\/h2><p>Heureusement, il existe des solutions qui r\u00e9duiront le nombre de d\u00e9c\u00e8s d'oiseaux tout en pr\u00e9servant l'architecture.<\/p><p>Des images ou des motifs peuvent \u00eatre appliqu\u00e9s sur la vitre d'un \u00e9difice, fournissant ainsi des \u00ab\u2009marqueurs visuels\u2009\u00bb qui alertent les oiseaux que ces objets solides doivent \u00eatre \u00e9vit\u00e9s. Tout motif contribuera \u00e0 r\u00e9duire le nombre de d\u00e9c\u00e8s, mais plus le motif est dense, plus son efficacit\u00e9 augmentera.<\/p><p>Des pellicules adh\u00e9sives dissuasives pour les oiseaux peuvent \u00eatre appliqu\u00e9es directement \u00e0 l'ext\u00e9rieur de la vitre. Ces pellicules sont visibles pour les oiseaux sans compromettre la vue de l'int\u00e9rieur de l'\u00e9difice, fournissant une vue claire \u00e0 plus de 98 %.<\/p><p>De plus, ces solutions dissuasives pour les oiseaux se m\u00ealent \u00e0 l'architecture, am\u00e9liorant l'apparence de l'\u00e9difice plut\u00f4t que de lui nuire.<\/p><p>Afin d'\u00eatre \u00e9conomiquement viables, les pellicules dissuasives pour les oiseaux doivent durer plusieurs ann\u00e9es. Notre pellicule est soutenue par une garantie de 6 ans, a une dur\u00e9e de vie pr\u00e9vue de 8 ans et ne sera pas affect\u00e9e par le nettoyage des fen\u00eatres.<\/p><\/div><div class=\"thrv_wrapper thrv_text_element\" data-tag=\"h2\"><h2 class=\"\">Nos solutions dissuasives pour les oiseaux<\/h2><\/div><div class=\"thrv_wrapper thrv_text_element tve_empty_dropzone\"><p><!--StartFragment--><a href=\"https:\/\/featherfriendly.com\/\" target=\"_blank\" class=\"tve-froala fr-basic\" style=\"outline: none;\" data-css=\"tve-u-198cc1c3222\">Feather Friendly\u00ae Window Markers<\/a><\/p><\/div><div class=\"thrv_wrapper thrv_text_element\" data-tag=\"h2\"><h3 class=\"\">Questions fr\u00e9quemment demand\u00e9es<\/h3><\/div><div class=\"thrv_wrapper thrv_toggle_shortcode\" data-hover-color=\"#1abc9c\"><div class=\"tve_faq\"><div class=\"tve_faqI\"><div class=\"tve_faqB\"><span class=\"tve_not_editable tve_toggle\"><\/span>\n<h4 class=\"tve_editable\"><strong>Que mettre sur les fen\u00eatres pour emp\u00eacher les oiseaux de voler dedans ?<\/strong><\/h4><\/div><div class=\"tve_faqC tve_empty_dropzone\" style=\"display: none;\"><div class=\"thrv_wrapper thrv_text_element tve_empty_dropzone\"><p><strong>Les oiseaux sont incapables de percevoir les fen\u00eatres comme des objets solides. L'application d'un film sp\u00e9cial \u00e0 motifs fournit des rep\u00e8res visuels qui permettent aux oiseaux de d\u00e9tecter la pr\u00e9sence d'une fen\u00eatre sans obstruer la vue de l'int\u00e9rieur.<\/strong><\/p><\/div><\/div><\/div><\/div><\/div><div class=\"thrv_wrapper thrv_toggle_shortcode\" data-hover-color=\"#1abc9c\"><div class=\"tve_faq\"><div class=\"tve_faqI\"><div class=\"tve_faqB\"><span class=\"tve_not_editable tve_toggle\"><\/span>\n<h4 class=\"tve_editable\"><strong>Pourquoi les oiseaux se heurtent-ils sans cesse \u00e0 ma fen\u00eatre ?<\/strong><\/h4><\/div><div class=\"tve_faqC tve_empty_dropzone\" style=\"display: none;\"><div class=\"thrv_wrapper thrv_text_element tve_empty_dropzone\"><p><strong>Les oiseaux, notamment ceux qui migrent, se heurtent aux fen\u00eatres parce qu'ils sont incapables de les d\u00e9tecter, soit parce qu'ils ne connaissent pas leur environnement, soit parce qu'ils consid\u00e8rent le reflet de la fen\u00eatre comme une extension du ciel et des arbres. L'ajout d'un film pour fen\u00eatres destin\u00e9 \u00e0 pr\u00e9venir les collisions avec les oiseaux sur votre fen\u00eatre aidera ces derniers \u00e0 la d\u00e9tecter et \u00e0 \u00e9viter les collisions fatales.<\/strong><\/p><\/div><\/div><\/div><\/div><\/div><div class=\"\"><h3 data-css=\"tve-u-17aa56567fe\"><br><\/h3><\/div><div class=\"thrv_wrapper thrv_text_element tve_empty_dropzone\"><p>Si vous avez des questions sur les films pour fen\u00eatres, les&nbsp;<a href=\"https:\/\/accessprotection1.com\/fr\/pellicule-solaire\/\">pellicules solaires pour fen\u00eatres<\/a>, les films de s\u00e9curit\u00e9 pour fen\u00eatres ou les films pour fen\u00eatres destin\u00e9s \u00e0 pr\u00e9venir les impacts d'oiseaux, nous vous invitons \u00e0&nbsp;<a href=\"https:\/\/accessprotection1.com\/fr\/contactez-nous\/\">nous contacter<\/a> d\u00e8s aujourd'hui. Nous nous ferons un plaisir de r\u00e9pondre \u00e0 vos questions sur les pellicules pour fen\u00eatres aidant \u00e0 pr\u00e9venir les collisions d'oiseaux et sur l'installation de pellicules pour fen\u00eatres dans des locaux commerciaux ou r\u00e9sidentiels.<\/p><\/div><\/div><div class=\"thrv_wrapper thrv-page-section tve_empty_dropzone tcb-window-width\" data-tve-style=\"1\" style=\"\" data-css=\"tve-u-164b7f26b71\"><div class=\"tve-page-section-out\" data-css=\"tve-u-164b7f26b72\"><\/div><div class=\"tve-page-section-in tve_empty_dropzone\" data-css=\"tve-u-164b7f26b70\">\n<div class=\"thrv_wrapper thrv-columns\" style=\"--tcb-col-el-width: 1060;\"><div class=\"tcb-flex-row tcb--cols--2\">\n<div class=\"tcb-flex-col tve_empty_dropzone\"><div class=\"tcb-col tve_empty_dropzone\"><div class=\"thrv_paste_content thrv_wrapper tve_empty_dropzone\"><div class=\"thrv_wrapper thrv_text_element tve_empty_dropzone\"><h2 class=\"rft bold_text\" style=\"color: rgb(66, 66, 66); margin-bottom: 0px !important;\"><span class=\"bold_text\"><\/span><font color=\"#424242\">Demandez \u00e0 un expert :<\/font><\/h2><p style=\"color: rgb(66, 66, 66);\">Nous pouvons vous aider \u00e0 choisir la bonne option de pellicule de vitre<\/p><\/div><\/div><\/div><\/div>\n<div class=\"tcb-flex-col tve_empty_dropzone\"><div class=\"tcb-col tve_empty_dropzone\"><div class=\"thrv_paste_content thrv_wrapper\"><\/div><div class=\"thrv_wrapper thrv_custom_html_shortcode\" style=\"margin-top: 0px !important; margin-bottom: 0px !important; padding-top: 10px !important;\"><div id=\"ctabox\">\n<a href=\"\/free-estimate\/\" style=\"text-decoration:none;font-size:20px\" class=\"\">APPELEZ-NOUS D\u00c8S AUJOURD'HUI POUR UNE ESTIMATION GRATUITE<\/a><br>\n<span style=\"font-size:26px;font-weight:bold;\"><a onclick=\"gtag('event', 'click', {'event_category': 'Footer Phone Number', 'event_label': 'Phone Number Clicked', 'value': '0'});\" class=\"hov\" style=\"margin-top: 40px;text-decoration:none;\" href=\"tel:289-769-9507\">289.769.9507<\/a> | <a onclick=\"gtag('event', 'click', {'event_category': 'Footer Phone Number', 'event_label': 'Phone Number Clicked', 'value': '0'});\" class=\"hov\" style=\"margin-top: 40px;text-decoration:none;\" href=\"tel:514.616.2900\">514.616.2900<\/a><\/span>\n<\/div><\/div><\/div><\/div>\n<\/div><\/div>\n<\/div>\n<\/div>","tve_custom_css":"@media (min-width: 300px){[data-css=\"tve-u-17aa565e1e7\"] { padding-top: 0px !important; padding-bottom: 0px !important; }:not(#tve) [data-css=\"tve-u-17aa56567fe\"] { font-size: 1px !important; }[data-css=\"tve-u-17aa54444f8\"] { background-image: linear-gradient(rgb(228, 228, 228), rgb(228, 228, 228)) !important; background-size: auto !important; background-position: 50% 50% !important; background-attachment: scroll !important; background-repeat: no-repeat !important; }[data-css=\"tve-u-164cca3cbb1\"] { width: 1056px; }[data-css=\"tve-u-164b7f26b70\"] { max-width: 1060px; }[data-css=\"tve-u-164b7f26b71\"] { padding: 0px; color: rgb(51, 51, 51); min-height: 0px; margin-left: 0px; margin-right: -10px; margin-top: 20px; }[data-css=\"tve-u-164b7f26b72\"] { background-color: rgba(0, 0, 0, 0); border: 0px none rgb(24, 24, 24); border-radius: 0px; background-image: url(\"https:\/\/accessprotection1.com\/wp-content\/uploads\/2017\/08\/Orange-cta.jpg\"); background-size: cover; background-attachment: scroll; box-shadow: rgba(0, 0, 0, 0) 0px 0px 8px 4px inset, rgba(0, 0, 0, 0) 0px 0px 7px 3px; background-position: 50% 50%; background-repeat: no-repeat; }}","tve_user_custom_css":"","tve_globals":{"e":"1","font_cls":[]},"tcb2_ready":1,"tcb_editor_enabled":1,"tve_landing_page":"","_tve_header":"0","_tve_footer":"0"},"class_list":["post-1638","page","type-page","status-publish","hentry"],"_links":{"self":[{"href":"https:\/\/accessprotection1.com\/fr\/wp-json\/wp\/v2\/pages\/1638","targetHints":{"allow":["GET"]}}],"collection":[{"href":"https:\/\/accessprotection1.com\/fr\/wp-json\/wp\/v2\/pages"}],"about":[{"href":"https:\/\/accessprotection1.com\/fr\/wp-json\/wp\/v2\/types\/page"}],"author":[{"embeddable":true,"href":"https:\/\/accessprotection1.com\/fr\/wp-json\/wp\/v2\/users\/1"}],"replies":[{"embeddable":true,"href":"https:\/\/accessprotection1.com\/fr\/wp-json\/wp\/v2\/comments?post=1638"}],"version-history":[{"count":0,"href":"https:\/\/accessprotection1.com\/fr\/wp-json\/wp\/v2\/pages\/1638\/revisions"}],"up":[{"embeddable":true,"href":"https:\/\/accessprotection1.com\/fr\/wp-json\/wp\/v2\/pages\/1338"}],"wp:attachment":[{"href":"https:\/\/accessprotection1.com\/fr\/wp-json\/wp\/v2\/media?parent=1638"}],"curies":[{"name":"wp","href":"https:\/\/api.w.org\/{rel}","templated":true}]}}