{"id":2050,"date":"2021-07-03T01:30:30","date_gmt":"2021-07-03T05:30:30","guid":{"rendered":"https:\/\/accessprotection1.com\/security-safety-window-films\/"},"modified":"2026-04-09T09:44:52","modified_gmt":"2026-04-09T13:44:52","slug":"pellicules-securite-et-protection","status":"publish","type":"page","link":"https:\/\/accessprotection1.com\/fr\/pellicules-securite-et-protection\/","title":{"rendered":"Pellicules de s\u00e9curit\u00e9 et de protection pour fen\u00eatres"},"content":{"rendered":"<p><img decoding=\"async\" src=\"https:\/\/accessprotecti.wpenginepowered.com\/wp-content\/uploads\/2016\/05\/security.png\" alt=\"safety and security window films\" width=\"84\" height=\"84\" data-width=\"84\" data-height=\"84\" data-init-width=\"128\" data-init-height=\"128\" data- title=\"\"><\/p>\n<h1 style=\"text-align: center;\">Pellicules de s\u00e9curit\u00e9 et de protection pour fen\u00eatres<\/h1>\n<h2 style=\"text-align: center;\">Vente et installation<\/h2>\n<p>Access Protection Solutions vend et installe des films pour fen\u00eatres de s\u00e9curit\u00e9 et de protection qui permettent de prot\u00e9ger les biens et les personnes qui se trouvent dans votre b\u00e2timent. Qu&rsquo;il s&rsquo;agisse d&rsquo;un espace commercial, d&rsquo;un \u00e9difice public, d&rsquo;un bureau ou d&rsquo;une maison, les pellicules pour fen\u00eatres fines, transparentes et \u00e0 peine d\u00e9tectables peuvent prot\u00e9ger les personnes et les biens contre le vol, les entr\u00e9es par effraction, les accidents, le vandalisme et les accidents caus\u00e9s par la nature.<\/p>\n<p>La plupart de ces pellicules peuvent r\u00e9sister \u00e0 un traitement brutal, car elles sont fabriqu\u00e9es \u00e0 partir de couches robustes d&rsquo;un compos\u00e9 de polyester \u00e0 haute r\u00e9sistance \u00e0 la traction et dot\u00e9es de puissants adh\u00e9sifs leur permettant de r\u00e9sister aux impacts. Tout en laissant p\u00e9n\u00e9trer une grande quantit\u00e9 de lumi\u00e8re naturelle, les solutions de pellicule pour fen\u00eatres de s\u00e9curit\u00e9 et de protection solidifient vos vitres et prot\u00e8gent votre domicile ou votre b\u00e2timent commercial des surprises ind\u00e9sirables.<\/p>\n<h2>Nos solutions de pellicules de s\u00e9curit\u00e9 et de protection pour fen\u00eatres<\/h2>\n<p><span style=\"width: 100%;\"><a href=\"https:\/\/accessprotection1.com\/fr\/pellicules-securite-et-protection\/pellicules-securite\/\" target=\"_blank\" rel=\"noopener\"><img decoding=\"async\" title=\"Security Window Films\" src=\"https:\/\/accessprotecti.wpenginepowered.com\/wp-content\/uploads\/2021\/07\/Security-_-Safety-Window-Films_Access-Protection.jpg\" alt=\"Security Window Films\" width=\"300\" height=\"200\" data-id=\"1939\" \/><\/a><\/span><\/p>\n<h3 style=\"text-align: center;\"><a href=\"https:\/\/accessprotection1.com\/fr\/pellicules-securite-et-protection\/pellicules-securite\/\">Pellicules de s\u00e9curit\u00e9<\/a><\/h3>\n<p>Les<a href=\"https:\/\/accessprotection1.com\/fr\/pellicules-securite-et-protection\/pellicules-securite\/\" target=\"_blank\" rel=\"noopener\"> pellicules de s\u00e9curit\u00e9<\/a> permettent \u00e0 vos fen\u00eatres de r\u00e9sister \u00e0 toutes sortes de traitements brutaux. Sp\u00e9cialement con\u00e7us pour absorber les chocs, ils agissent comme une barri\u00e8re contre le vandalisme et les effractions &#8211; un puissant moyen de dissuasion pour les intrus &#8211; tout en gardant la vitre bris\u00e9e en place.<\/p>\n<a class='btn orange aligncenter medium' href='https:\/\/accessprotection1.com\/fr\/pellicules-securite-et-protection\/pellicules-securite\/' target='_blank'><span>En savoir plus<\/span><\/a><div class='clear'><\/div>\n<p><span style=\"width: 100%;\"><a href=\"https:\/\/accessprotection1.com\/fr\/pellicules-securite-et-protection\/pellicules-protection\/\" target=\"_blank\" rel=\"noopener\"><img decoding=\"async\" title=\"Safety Window Films\" src=\"https:\/\/accessprotecti.wpenginepowered.com\/wp-content\/uploads\/2021\/07\/Security-_-Safety-Window-Films_Access-Protection1.jpg\" alt=\"Safety Window Films\" width=\"300\" height=\"200\" data-id=\"1937\" \/><\/a><\/span><\/p>\n<h3 style=\"text-align: center;\"><a href=\"https:\/\/accessprotection1.com\/fr\/pellicules-securite-et-protection\/pellicules-protection\/\" target=\"_blank\" rel=\"noopener\">Pellicules de protection<\/a><\/h3>\n<p>Les couches robustes des <a href=\"https:\/\/accessprotection1.com\/fr\/pellicules-securite-et-protection\/pellicules-protection\/\" target=\"_blank\" rel=\"noopener\">pellicules de protection<\/a> pour vitrage maintiennent le verre bris\u00e9 en place en cas d&rsquo;accident, d&rsquo;effraction ou de vandalisme, prot\u00e9geant ainsi les occupants du b\u00e2timent des \u00e9clats de verre. Elles rendent \u00e9galement le nettoyage plus facile et plus s\u00e9curitaire apr\u00e8s l&rsquo;incident.<\/p>\n<a class='btn orange aligncenter medium' href='https:\/\/accessprotection1.com\/fr\/pellicules-securite-et-protection\/pellicules-protection\/' target='_blank'><span>En savoir plus<\/span><\/a><div class='clear'><\/div>\n<p><span style=\"width: 100%;\"><a href=\"https:\/\/accessprotection1.com\/fr\/pellicules-securite-et-protection\/pellicules-anti-graffiti\/\" target=\"_blank\" rel=\"noopener\"><img decoding=\"async\" title=\"Anti-Graffiti Window Films\" src=\"https:\/\/accessprotecti.wpenginepowered.com\/wp-content\/uploads\/2021\/07\/Security-_-Safety-Window-Films_Anti-Graffiti_Access-Protection.jpg\" alt=\"Anti-Graffiti Window Films\" width=\"300\" height=\"200\" data-id=\"1941\" \/><\/a><\/span><\/p>\n<h3 style=\"text-align: center;\"><a href=\"https:\/\/accessprotection1.com\/fr\/pellicules-securite-et-protection\/pellicules-anti-graffiti\/\" target=\"_blank\" rel=\"noopener\">Pellicules anti-graffiti<\/a><u> <\/u><\/h3>\n<p><a href=\"https:\/\/accessprotection1.com\/fr\/pellicules-securite-et-protection\/pellicules-anti-graffiti\/\" target=\"_blank\" rel=\"noopener\">Les pellicules anti-graffiti<\/a> pour vitres sont une solution \u00e9conomique contre les peintures en a\u00e9rosol, les rayures et autres actes de vandalisme. Il suffit de d\u00e9coller les couches amovibles sans r\u00e9sidus de colle et de les remplacer par une nouvelle couche transparente facile \u00e0 appliquer, qui continue \u00e0 maintenir vos fen\u00eatres d&rsquo;origine en parfait \u00e9tat.<\/p>\n<a class='btn orange aligncenter medium' href='https:\/\/accessprotection1.com\/fr\/pellicules-securite-et-protection\/pellicules-anti-graffiti\/' target='_blank'><span>En savoir plus<\/span><\/a><div class='clear'><\/div>\n<p><span style=\"width: 100%;\"><a href=\"https:\/\/accessprotection1.com\/fr\/solutions-de-lindustrie\/solutions-dissuasives-pour-les-oiseaux\/\" target=\"_blank\" rel=\"noopener\"><img decoding=\"async\" title=\"Window Films to Prevent Bird Strikes\" src=\"https:\/\/accessprotecti.wpenginepowered.com\/wp-content\/uploads\/2021\/07\/Security-_-Safety-Window-Films_Bird-Deterrent-Films_Access-Protection.jpg\" alt=\"Window Films to Prevent Bird Strikes\" width=\"300\" height=\"200\" data-id=\"1993\" \/><\/a><\/span><\/p>\n<h3 style=\"text-align: center;\"><a href=\"https:\/\/accessprotection1.com\/fr\/solutions-de-lindustrie\/solutions-dissuasives-pour-les-oiseaux\/\">Solutions pour oiseaux<\/a><\/h3>\n<p>Les films pour fen\u00eatres destin\u00e9s \u00e0 pr\u00e9venir les collisions avec les oiseaux r\u00e9duisent consid\u00e9rablement le nombre de d\u00e9c\u00e8s d&rsquo;oiseaux, sans compromettre l&rsquo;architecture du b\u00e2timent. Appliqu\u00e9es sur l&rsquo;ext\u00e9rieur du verre, ces pellicules sont visibles par les oiseaux, tout en offrant une visibilit\u00e9 claire \u00e0 98 % de l&rsquo;int\u00e9rieur.<\/p>\n<a class='btn orange aligncenter medium' href='https:\/\/accessprotection1.com\/fr\/solutions-de-lindustrie\/solutions-dissuasives-pour-les-oiseaux\/' target='_blank'><span>En savoir plus<\/span><\/a><div class='clear'><\/div>\n<h2>Pourquoi installer des pellicules de s\u00e9curit\u00e9 et de protection pour les fen\u00eatres<\/h2>\n<p>Qu&rsquo;il s&rsquo;agisse d&rsquo;une maison, d&rsquo;un espace commercial ou d&rsquo;une entreprise, les pellicules de s\u00e9curit\u00e9 et de protection pour fen\u00eatres offrent un certain nombre d&rsquo;avantages \u00e0 tous les types d&rsquo;\u00e9tablissements, en fonction des exigences requises et du produit choisi.<\/p>\n<p><!--StartFragment--><\/p>\n<p><strong>S\u00e9curit\u00e9 contre la criminalit\u00e9 et le vandalisme :\u00a0<\/strong>en rendant la vitre beaucoup plus solide et beaucoup plus difficile \u00e0 briser, les solutions de pellicules de s\u00e9curit\u00e9 et de protection pour fen\u00eatres cr\u00e9ent une barri\u00e8re suppl\u00e9mentaire pour emp\u00eacher les intrus d&rsquo;entrer et d\u00e9courager le crime et le vandalisme. Disponibles dans une gamme de finitions et d&rsquo;\u00e9paisseurs, certaines pellicules de s\u00e9curit\u00e9 offrent m\u00eame une protection contre les bombes, ce qui les rend extr\u00eamement pr\u00e9cieuses pour les \u00e9difices de grande valeur, patrimoniaux ou embl\u00e9matiques qui sont souvent vuln\u00e9rables aux actes de terrorisme\u2009.<\/p>\n<p><strong>Protection contre les accidents :\u00a0<\/strong>les solutions de pellicules de s\u00e9curit\u00e9 et de protection pour fen\u00eatres ajoutent de la r\u00e9sistance et de la t\u00e9nacit\u00e9 au verre, ce qui le rend mieux adapt\u00e9 aux contacts \u00e0 impact \u00e9lev\u00e9 en cas d&rsquo;accidents caus\u00e9s par des maladresses, des balles perdues, etc.<\/p>\n<p><strong>S\u00e9curit\u00e9 contre les blessures\u00a0: <\/strong>le Code canadien du b\u00e2timent stipule que le vitrage des lieux publics critiques doit \u00eatre de qualit\u00e9 \u00ab\u2009vitre de s\u00e9curit\u00e9\u2009\u00bb. Il s&rsquo;agit d&rsquo;une exigence l\u00e9gale importante pour garantir que la vitre maintienne les fragments en place en cas d&rsquo;\u00e9clatement d\u00fb \u00e0 des d\u00e9bris transport\u00e9s par le vent et \u00e0 des accidents. La pellicule de s\u00e9curit\u00e9 pour fen\u00eatres install\u00e9e par des professionnels rendra vos fen\u00eatres solides, s\u00e9curitaires et conformes aux r\u00e9glementations en vigueur\u2009;<\/p>\n<p><strong>Pr\u00e9vention contre les collisions d\u2019oiseaux :\u00a0<\/strong>au Canada, chaque ann\u00e9e, environ <a href=\"https:\/\/www.canada.ca\/fr\/environnement-changement-climatique\/services\/prevention-effets-nefastes-oiseaux-migrateurs\/faq-collisions-oiseaux-fenetres.html\" target=\"_blank\" rel=\"noopener\">16 \u00e0 42 millions d&rsquo;oiseaux<\/a> meurent suite \u00e0 une collision avec des fen\u00eatres, dont un grand nombre dans la r\u00e9gion de Toronto. Les solutions sp\u00e9ciales de pellicules pour fen\u00eatres dissuasives pour les oiseaux jouent un r\u00f4le \u00e9norme dans la pr\u00e9vention des collisions d\u2019oiseaux et la sauvegarde de vos fen\u00eatres\u2009; <strong>\u00a0<\/strong><\/p>\n<p><strong>Protection contre les rayons UV et meilleur contr\u00f4le de la temp\u00e9rature :\u00a0<\/strong>de la technologie de blocage de la chaleur \u00e0 une protection contre les rayons UV pouvant atteindre 99\u00a0%, certaines solutions de pellicules de s\u00e9curit\u00e9 et de protection pour fen\u00eatres offrent un meilleur contr\u00f4le de la temp\u00e9rature et une protection contre la d\u00e9coloration caus\u00e9e par les rayons UV.<\/p>\n<p><!--EndFragment--><\/p>\n<h2>Que faut-il savoir sur l&rsquo;installation\u2009?<\/h2>\n<p>Il est pr\u00e9f\u00e9rable de laisser aux professionnels le soin d&rsquo;installer les solutions de pellicules de s\u00e9curit\u00e9 et de protection pour fen\u00eatres dans vos locaux r\u00e9sidentiels ou commerciaux. Bien qu\u2019une installation r\u00e9alis\u00e9e soi-m\u00eame puisse vous faire \u00e9conomiser de l&rsquo;argent, vous risquez de vous retrouver avec des probl\u00e8mes tels que des particules de poussi\u00e8re ou de l&rsquo;humidit\u00e9 coinc\u00e9es entre la pellicule pour fen\u00eatres et la vitre.<\/p>\n<p>Chez Access Protection, nous disposons d&rsquo;une <a href=\"https:\/\/accessprotection1.com\/fr\/installation\/\" target=\"_blank\" rel=\"noopener\">\u00e9quipe d&rsquo;installateurs professionnels de pellicules pour fen\u00eatres<\/a> hautement qualifi\u00e9s qui r\u00e9pondent aux besoins en pellicules pour fen\u00eatres de clients de partout au Canada. Voici un aper\u00e7u des \u00e9tapes d\u2019installation typiques de solutions de pellicules de s\u00e9curit\u00e9 et de protection pour fen\u00eatres.<\/p>\n<ul>\n<li><strong>Mesures et s\u00e9lection de la pellicule<\/strong>\u00a0: nous nous rendons dans vos locaux pour recueillir les mesures pr\u00e9cises des fen\u00eatres s\u00e9lectionn\u00e9es et passer la commande de pellicules d\u00e9coup\u00e9es sur mesure pour chaque fen\u00eatre. C&rsquo;est \u00e9galement le moment o\u00f9 nous vous consultons sur les diff\u00e9rents types de pellicules et vous aidons \u00e0 s\u00e9lectionner celle qui correspond le mieux \u00e0 vos besoins.<\/li>\n<li><strong>Application\u00a0<\/strong>: le jour de l&rsquo;installation, notre \u00e9quipe nettoie toute la salet\u00e9 et les d\u00e9bris de vos fen\u00eatres, place habilement la pellicule sur la vitre et utilise des adh\u00e9sifs et des solutions de montage puissants qui adh\u00e8rent au verre en 24 heures environ. La solution de montage r\u00e9siduelle peut prendre un peu plus de temps \u00e0 s\u00e9cher, en fonction des conditions m\u00e9t\u00e9orologiques et de l&#8217;emplacement des fen\u00eatres.<\/li>\n<\/ul>\n<p><span style=\"width: 100%;\"><img decoding=\"async\" title=\"Safety &amp; Security Window Films_Installation_Access Protection\" src=\"https:\/\/accessprotecti.wpenginepowered.com\/wp-content\/uploads\/2021\/07\/Safety-Security-Window-Films_Installation_Access-Protection.jpg\" alt=\"Safety &amp; Security Window Films_Installation_Access Protection\" width=\"523\" height=\"358\" data-id=\"2004\" data-width=\"523\" data-height=\"358\" data-init-width=\"2048\" data-init-height=\"1405\" \/><\/span><\/p>\n<p>&nbsp;<\/p>\n<h3>Contactez-nous<\/h3>\n<p>Explorez les solutions de pellicules de s\u00e9curit\u00e9 et de protection pour fen\u00eatres d&rsquo;Access Protection pour prot\u00e9ger vos fen\u00eatres contre les dommages d\u00e9lib\u00e9r\u00e9s ou involontaires, sans compromettre leur visibilit\u00e9 ou leur attrait esth\u00e9tique. Nous proposons une large gamme de produits, notamment des <a href=\"https:\/\/accessprotection1.com\/fr\/pellicule-solaire\/\" target=\"_blank\" rel=\"noopener\">pellicules solaires pour fen\u00eatres<\/a>, des <a href=\"https:\/\/accessprotection1.com\/fr\/pellicules-decoratives\/\" target=\"_blank\" rel=\"noopener\">pellicules d\u00e9coratives<\/a>, des <a href=\"https:\/\/accessprotection1.com\/fr\/pellicules-securite-et-protection\/pellicules-securite\/\" target=\"_blank\" rel=\"noopener\">pellicules de s\u00e9curit\u00e9 pour fen\u00eatres<\/a>, et bien plus encore. <a href=\"https:\/\/accessprotection1.com\/fr\/contactez-nous\/\" target=\"_blank\" rel=\"noopener\">Contactez-nous<\/a> pour en savoir plus sur notre gamme compl\u00e8te de pellicules pour fen\u00eatres.<\/p>\n<h2 style=\"color: #424242; margin-bottom: 0px !important;\">Demandez \u00e0 un expert :<\/h2>\n<p style=\"color: #424242;\">Nous pouvons vous aider \u00e0 choisir la bonne option de pellicule de vitre<\/p>\n<p><a style=\"text-decoration: none; font-size: 20px;\" href=\"https:\/\/accessprotection1.com\/fr\/estimation-gratuite\/\">APPELEZ-NOUS D\u00c8S AUJOURD&rsquo;HUI POUR UNE ESTIMATION GRATUITE<\/a><span style=\"font-size: 26px; font-weight: bold;\"><a style=\"margin-top: 40px; text-decoration: none;\" href=\"tel:289-769-9507\">289.769.9507<\/a> | <a style=\"margin-top: 40px; text-decoration: none;\" href=\"tel:514.616.2900\">514.616.2900<\/a><\/span><\/p>\n","protected":false},"excerpt":{"rendered":"<p>Pellicules de s\u00e9curit\u00e9 et de protection pour fen\u00eatres Vente et installation Access Protection Solutions vend et installe des films pour fen\u00eatres de s\u00e9curit\u00e9 et de protection qui permettent de prot\u00e9ger les biens et les personnes qui se trouvent dans votre b\u00e2timent. Qu&rsquo;il s&rsquo;agisse d&rsquo;un espace commercial, d&rsquo;un \u00e9difice public, d&rsquo;un bureau ou d&rsquo;une maison, les [&hellip;]<\/p>\n","protected":false},"author":1,"featured_media":0,"parent":0,"menu_order":2,"comment_status":"closed","ping_status":"closed","template":"","meta":{"footnotes":""},"class_list":["post-2050","page","type-page","status-publish","hentry"],"_links":{"self":[{"href":"https:\/\/accessprotection1.com\/fr\/wp-json\/wp\/v2\/pages\/2050","targetHints":{"allow":["GET"]}}],"collection":[{"href":"https:\/\/accessprotection1.com\/fr\/wp-json\/wp\/v2\/pages"}],"about":[{"href":"https:\/\/accessprotection1.com\/fr\/wp-json\/wp\/v2\/types\/page"}],"author":[{"embeddable":true,"href":"https:\/\/accessprotection1.com\/fr\/wp-json\/wp\/v2\/users\/1"}],"replies":[{"embeddable":true,"href":"https:\/\/accessprotection1.com\/fr\/wp-json\/wp\/v2\/comments?post=2050"}],"version-history":[{"count":0,"href":"https:\/\/accessprotection1.com\/fr\/wp-json\/wp\/v2\/pages\/2050\/revisions"}],"wp:attachment":[{"href":"https:\/\/accessprotection1.com\/fr\/wp-json\/wp\/v2\/media?parent=2050"}],"curies":[{"name":"wp","href":"https:\/\/api.w.org\/{rel}","templated":true}]}}