{"id":2054,"date":"2021-07-03T14:09:55","date_gmt":"2021-07-03T18:09:55","guid":{"rendered":"https:\/\/accessprotection1.com\/pellicules-securite-et-protection\/anti-graffiti-window-films\/"},"modified":"2025-07-09T09:26:05","modified_gmt":"2025-07-09T13:26:05","slug":"pellicules-anti-graffiti","status":"publish","type":"page","link":"https:\/\/accessprotection1.com\/fr\/pellicules-securite-et-protection\/pellicules-anti-graffiti\/","title":{"rendered":"Pellicules anti-graffiti pour fen\u00eatres"},"content":{"rendered":"<p><span><img decoding=\"async\" alt=\"safety and security window films\" src=\"https:\/\/accessprotecti.wpenginepowered.com\/wp-content\/uploads\/2016\/05\/security.png\" style=\"\" width=\"70\" height=\"70\" data-width=\"70\" data-height=\"70\" data-init-width=\"128\" data-init-height=\"128\" data- title=\"\"><\/span><\/p>\n<h1 style=\"text-align: center;\">Pellicules anti-graffiti pour fen\u00eatres<\/h1>\n<h6 style=\"text-align: center;\"><strong>Principales utilisations <\/strong><\/h6>\n<p style=\"text-align: center;\">Pr\u00e9vient les dommages caus\u00e9s aux fen\u00eatres par la peinture et les gravures.<\/p>\n<h6 style=\"text-align: center;\"><strong>Apparence<\/strong><\/h6>\n<p style=\"text-align: center;\"><strong><\/strong>Transparente et en diff\u00e9rentes \u00e9paisseurs<\/p>\n<h6 style=\"text-align: center;\"><strong>Installation<\/strong><strong><\/strong><\/h6>\n<p align=\"center\" style=\"text-align: center;\">fen\u00eatres ext\u00e9rieures ou surfaces lisses<\/p>\n<h6 style=\"text-align: center;\"><strong>Garantie<\/strong><\/h6>\n<p style=\"text-align: center;\">3 ans<\/p>\n<p>Les pellicules anti-graffiti pour fen\u00eatres constituent une solution efficace et abordable pour les propri\u00e9taires de b\u00e2timents, les compagnies de transport et les locataires qui sont souvent confront\u00e9s au vandalisme. Comme nous le savons, les surfaces vitr\u00e9es sont souvent la proie d&rsquo;\u00e9l\u00e9ments perturbateurs, qu&rsquo;ils soient d\u00e9lib\u00e9r\u00e9s ou accidentels. Qu&rsquo;il s&rsquo;agisse de l&rsquo;utilisation d&rsquo;outils pour gratter la surface, graver des \u00ab\u2009\u0153uvres d\u2019art\u2009\u00bb ou peindre des graffitis sur la vitre, les actes de vandalisme ou les \u00e9v\u00e9nements accidentels peuvent laisser vos vitres et autres surfaces dans un \u00e9tat ind\u00e9sirable ou les endommager de fa\u00e7on permanente.<\/p>\n<p>Les pellicules anti-graffiti pour fen\u00eatres agissent comme une barri\u00e8re prot\u00e9geant la vitre et autres types de surfaces contre des dommages permanents. Qu&rsquo;il s&rsquo;agisse de devantures de magasins, d&rsquo;\u00e9coles, d&rsquo;\u00e9glises, de restaurants, de toilettes publiques, de vitrines, d&rsquo;escaliers m\u00e9caniques ou de transports en commun (trains ou bus), les pellicules anti-graffiti pour fen\u00eatres trouvent des applications dans la plupart des types d&rsquo;\u00e9tablissements commerciaux et d&rsquo;infrastructures publiques.&nbsp;<\/p>\n<blockquote><p><u>&nbsp; &nbsp; &nbsp; &nbsp; &nbsp; &nbsp; &nbsp; &nbsp; &nbsp; &nbsp; &nbsp;<\/u><\/p><\/blockquote>\n<blockquote><p>Les pellicules anti-graffiti pour fen\u00eatres sont une solution rentable pour pr\u00e9venir les dommages permanents pouvant survenir aux vitres et autres surfaces r\u00e9fl\u00e9chissantes.<\/p><\/blockquote>\n<p><span style=\"width: 100%;\"><img decoding=\"async\" alt=\"solargard_graffitigard-4plus-scratched-subway-windows\" width=\"523\" height=\"299\" title=\"solargard_graffitigard-4plus-scratched-subway-windows\" data-id=\"1952\" src=\"https:\/\/accessprotecti.wpenginepowered.com\/wp-content\/uploads\/2021\/07\/solargard_graffitigard-4plus-scratched-subway-windows.jpg\" style=\"\" data-width=\"523\" data-height=\"299\" data-init-width=\"700\" data-init-height=\"400\"><\/span><\/p>\n<p>Dans les environnements de vente au d\u00e9tail, le maintien d&rsquo;une fa\u00e7ade propre contribue largement \u00e0 la cr\u00e9ation d&rsquo;une image cr\u00e9dible aupr\u00e8s des clients actuels et potentiels. Les \u00e9v\u00e9nements sp\u00e9ciaux tels que les manifestations spontan\u00e9es peuvent repr\u00e9senter une menace suppl\u00e9mentaire de vandalisme pour vos locaux commerciaux. Par cons\u00e9quent, un local commercial endommag\u00e9 et peu attrayant peut entra\u00eener une perte importante de revenus et de r\u00e9putation pendant les saisons de pointe. Avec les pellicules anti-graffiti pour fen\u00eatres, vous pouvez effacer les graffitis et le vandalisme comme s&rsquo;ils n&rsquo;avaient jamais exist\u00e9.<\/p>\n<p>De m\u00eame, les soci\u00e9t\u00e9s de transport en commun et les b\u00e2timents publics peuvent r\u00e9aliser des \u00e9conomies substantielles en r\u00e9duisant leurs co\u00fbts d\u2019entretien gr\u00e2ce aux pellicules anti-graffiti. Il suffit d&rsquo;enlever et de remplacer la pellicule anti-graffiti par une nouvelle pellicule pour effacer toute trace de vandalisme.<\/p>\n<p>Les pellicules anti-graffiti pour fen\u00eatres peuvent \u00eatre combin\u00e9es avec des <a href=\"https:\/\/accessprotection1.com\/fr\/pellicules-securite-et-protection\/pellicules-securite\/\" target=\"_blank\">pellicules de s\u00e9curit\u00e9 pour fen\u00eatres<\/a> ou des <a href=\"https:\/\/accessprotection1.com\/fr\/pellicules-securite-et-protection\/pellicules-protection\/\" target=\"_blank\">pellicules de protection pour fen\u00eatres<\/a> afin de renforcer la protection des b\u00e2timents commerciaux ou avec des <a href=\"https:\/\/accessprotection1.com\/fr\/pellicule-solaire\/\" target=\"_blank\">pellicules solaires<\/a> pour fen\u00eatres pour ceux qui cherchent \u00e0 prot\u00e9ger leurs biens des dommages pouvant \u00eatre caus\u00e9s par les rayons UV.<\/p>\n<h2>Avantages des pellicules anti-graffiti pour fen\u00eatres<\/h2>\n<p>Les pellicules anti-graffiti optiquement transparentes pour fen\u00eatres offrent une solution \u00e9prouv\u00e9e et peu co\u00fbteuse pour lutter contre le vandalisme et prot\u00e9ger votre b\u00e2timent et vos biens 24 heures sur 24, 7 jours sur 7. Ce syst\u00e8me exclusif permet \u00e0 un technicien qualifi\u00e9 de d\u00e9coller simplement l&rsquo;ancienne couche, sans laisser de traces d&rsquo;adh\u00e9sif gluant, et de la remplacer par une nouvelle, afin de donner \u00e0 vos vitres un aspect compl\u00e8tement neuf. Les pellicules anti-graffiti pour fen\u00eatres sont disponibles dans une vari\u00e9t\u00e9 d&rsquo;\u00e9paisseurs allant jusqu&rsquo;\u00e0 175 microns pour r\u00e9soudre une s\u00e9rie de probl\u00e8mes, y compris les bosses, les rayures et les gravures \u00e0 l&rsquo;acide.<\/p>\n<p>Voici quelques-uns des nombreux avantages des pellicules anti-graffiti pour fen\u00eatres :<\/p>\n<ul>\n<li>Repr\u00e9sente une solution polyvalente qui s&rsquo;applique sur les vitres, les miroirs, l&rsquo;acier inoxydable, le marbre et autres surfaces lisses et non poreuses.<\/li>\n<li>Conserve la surface intacte et emp\u00eache les dommages permanents caus\u00e9s par la peinture, les rayures de cl\u00e9s, la gravure \u00e0 l&rsquo;acide et d&rsquo;autres activit\u00e9s perturbatrices.<\/li>\n<li>Est extr\u00eamement rentable. Plut\u00f4t que de remplacer ou r\u00e9parer l&rsquo;ensemble de la vitre ou de la surface endommag\u00e9e, il suffit de remplacer la pellicule anti-graffiti.<\/li>\n<li>Est rapide, pratique et sans tracas. L&rsquo;adh\u00e9sif sp\u00e9cial de la pellicule garantit un retrait et un remplacement faciles lorsqu&rsquo;elle est endommag\u00e9e.<\/li>\n<li>Est dot\u00e9e d&rsquo;une technologie de contr\u00f4le solaire qui offre l&rsquo;avantage suppl\u00e9mentaire de prot\u00e9ger les personnes et les biens des effets nocifs des rayons UV.&nbsp;<\/li>\n<\/ul>\n<h2>Nos produits de pellicules anti-graffiti pour fen\u00eatres<\/h2>\n<h4><span><strong>Graffitigard\u2122<\/strong><\/span><\/h4>\n<p>Les pellicules anti-graffiti Graffitigard\u2122 de Solar Gardoffrent une protection peu co\u00fbteuse contre plusieurs types de vandalisme que ce soit la peinture, les \u00e9gratignures et plusieurs autres. Elles agissent comme barri\u00e8re sacrificielle entre les vandales et les surfaces qu&rsquo;elles recouvrent et sont sp\u00e9cifiquement con\u00e7ues pour \u00eatre facilement appliqu\u00e9es et retir\u00e9es lorsqu&rsquo;elles sont endommag\u00e9es. Elles prot\u00e8gent \u00e9galement les personnes et les biens contre les rayons UV nocifs.<\/p>\n<p><a href=\"https:\/\/accessprotecti.wpenginepowered.com\/wp-content\/uploads\/2021\/07\/Solar-Gard_Graffiti-Gard-4MIL.pdf\" target=\"_blank\" rel=\"noopener\"><span style=\"font-size: 19px;\">4 MIL Graffitigard<\/span><\/a><\/p>\n<p><span style=\"font-size: 19px;\"><a href=\"https:\/\/accessprotecti.wpenginepowered.com\/wp-content\/uploads\/2021\/07\/Solar-Gard_Graffitigard-6MIL.pdf\" target=\"_blank\" rel=\"noopener\">6 MIL Graffitigard<\/a><\/span><\/p>\n<p><a href=\"https:\/\/accessprotecti.wpenginepowered.com\/wp-content\/uploads\/2021\/07\/Solar-Gard_Graffitigard-7MIL.pdf\" target=\"_blank\" rel=\"noopener\"><span style=\"font-size: 19px;\">7 MIL Graffitigard<\/span><\/a><\/p>\n<p>T\u00e9l\u00e9chargez notre brochure pour en savoir plus sur nos solutions de <a href=\"https:\/\/accessprotection1.com\/fr\/solutions-de-lindustrie\/pellicules-de-vitres-commerciales\/\" target=\"_blank\" style=\"outline: none;\">pellicules pour fen\u00eatres commerciales<\/a>, des pellicules anti-graffiti pour fen\u00eatres aux <a href=\"https:\/\/accessprotection1.com\/fr\/pellicule-solaire\/\" target=\"_blank\" style=\"outline: none;\">pellicules solaires<\/a> pour fen\u00eatres, en passant par les <a href=\"https:\/\/accessprotection1.com\/fr\/pellicules-securite-et-protection\/pellicules-securite\/\" target=\"_blank\" style=\"outline: none;\">pellicules de s\u00e9curit\u00e9 pour fen\u00eatres<\/a>.<\/p>\n<a class='btn orange aligncenter medium' href='\/wp-content\/uploads\/2017\/10\/Solar-Gard-Commercial-Brochure-0141COM.FR_.pdf' target='_blank'><span>T\u00c9L\u00c9CHARGEZ NOTRE BROCHURE<\/span><\/a><div class='clear'><\/div>\n<h3>Questions fr\u00e9quemment pos\u00e9es<\/h3>\n<p><span><\/span><\/p>\n<h4><strong><strong><span data-sheets-root=\"1\">Quelle est la garantie sur les pellicules anti-graffiti pour fen\u00eatres et surfaces?<\/span>&nbsp;<\/strong><\/strong><\/h4>\n<p><span data-sheets-root=\"1\">Nos pellicules anti-graffiti pour fen\u00eatres et surfaces viennent avec une garantie de 3 ans, ce qui vous offre la tranquillit\u00e9 d&rsquo;esprit en sachant que votre investissement est prot\u00e9g\u00e9 contre les d\u00e9fauts et l&rsquo;usure pr\u00e9matur\u00e9e.<\/span><\/p>\n<p><span><\/span><\/p>\n<h4><strong><strong><span data-sheets-root=\"1\"><span data-sheets-root=\"1\">Peut-on enlever une pellicule anti-graffiti?<\/span><\/span><\/strong><\/strong><\/h4>\n<p><span data-sheets-root=\"1\"><span data-sheets-root=\"1\">Oui, la pellicule anti-graffiti est con\u00e7ue pour \u00eatre facilement retir\u00e9e. En cas de vandalisme sur une fen\u00eatre (ou toute autre surface), vous pouvez simplement enlever la pellicule endommag\u00e9e et la remplacer par une neuve. Vous pouvez ainsi \u00e9viter les co\u00fbts et les tracas li\u00e9s \u00e0 la r\u00e9paration ou au remplacement du verre ou de la surface.<\/span><\/span><\/p>\n<p><span><\/span><\/p>\n<h4><strong><strong><span data-sheets-root=\"1\"><span data-sheets-root=\"1\"><span data-sheets-root=\"1\">Sur quels types de surfaces peut-on installer des pellicules anti-graffiti ?<\/span><\/span><\/span><\/strong><\/strong><\/h4>\n<p><span data-sheets-root=\"1\"><span data-sheets-root=\"1\"><span data-sheets-root=\"1\">Les pellicules anti-graffiti, aussi appel\u00e9s films anti-vandalisme, peuvent \u00eatre appliqu\u00e9es sur diverses surfaces lisses, telles que le verre, les miroirs, l\u2019acier inoxydable et le marbre. Cette polyvalence en fait une solution id\u00e9ale pour prot\u00e9ger les propri\u00e9t\u00e9s commerciales, r\u00e9sidentielles et publiques contre le vandalisme.<\/span><\/span><\/span><\/p>\n<p><span><\/span><\/p>\n<h4><strong><strong><span data-sheets-root=\"1\"><span data-sheets-root=\"1\"><span data-sheets-root=\"1\"><span data-sheets-root=\"1\">Quelle est la dur\u00e9e de vie des pellicules anti-graffiti pour fen\u00eatres ?<\/span><\/span><\/span><\/span><\/strong><\/strong><\/h4>\n<p><span data-sheets-root=\"1\"><span data-sheets-root=\"1\"><span data-sheets-root=\"1\"><span data-sheets-root=\"1\">Les pellicules anti-graffiti sont con\u00e7ues pour \u00eatre durables et r\u00e9sistantes. Avec un bon entretien, elles peuvent durer jusqu\u2019\u00e0 10 ans, selon les conditions environnementales.<\/span><\/span><\/span><\/span><\/p>\n<p><span><\/span><\/p>\n<h4><strong><strong><span data-sheets-root=\"1\"><span data-sheets-root=\"1\"><span data-sheets-root=\"1\"><span data-sheets-root=\"1\"><span data-sheets-root=\"1\">Comment puis-je savoir quelle \u00e9paisseur de film anti-graffiti choisir?<\/span><\/span><\/span><\/span><\/span><\/strong><\/strong><\/h4>\n<p><span data-sheets-root=\"1\"><span data-sheets-root=\"1\"><span data-sheets-root=\"1\"><span data-sheets-root=\"1\"><span data-sheets-root=\"1\">L\u2019\u00e9paisseur du film doit correspondre au niveau de protection souhait\u00e9. Les pellicules plus \u00e9paisses offrent une meilleure r\u00e9sistance aux rayures et aux gravures, tandis que les plus fines conviennent pour une protection l\u00e9g\u00e8re. Nos pellicules sont disponibles en diff\u00e9rentes \u00e9paisseurs jusqu\u2019\u00e0 175 microns pour r\u00e9pondre \u00e0 divers niveaux de risque. Nous pouvons vous aider \u00e0 choisir l\u2019\u00e9paisseur adapt\u00e9e \u00e0 vos besoins.<\/span><\/span><\/span><\/span><\/span><\/p>\n<p><span><\/span><\/p>\n<h4><strong><strong><span data-sheets-root=\"1\"><span data-sheets-root=\"1\"><span data-sheets-root=\"1\"><span data-sheets-root=\"1\"><span data-sheets-root=\"1\"><span data-sheets-root=\"1\">Les pellicules anti-graffiti sont-ils efficaces pour la s\u00e9curit\u00e9 ?<\/span><\/span><\/span><\/span><\/span><\/span><\/strong><\/strong><\/h4>\n<p><span data-sheets-root=\"1\"><span data-sheets-root=\"1\"><span data-sheets-root=\"1\"><span data-sheets-root=\"1\"><span data-sheets-root=\"1\"><span data-sheets-root=\"1\">Oui, certains pellicules anti-graffiti int\u00e8grent une couche qui agit comme barri\u00e8re contre les impacts physiques. Associ\u00e9es \u00e0 des pellicules de s\u00e9curit\u00e9, elles offrent une protection suppl\u00e9mentaire en maintenant les \u00e9clats de verre en place en cas de bris, \u00e9vitant ainsi les blessures et les dommages suppl\u00e9mentaires.<\/span><\/span><\/span><\/span><\/span><\/span><\/p>\n<h3>Contactez-nous<\/h3>\n<p>Les pellicules anti-graffiti pour fen\u00eatres constituent une solution fiable, peu co\u00fbteuse et tr\u00e8s efficace pour prot\u00e9ger vos infrastructures contre les dommages permanents et les r\u00e9parations co\u00fbteuses.<\/p>\n<p>Si vous recherchez une s\u00e9curit\u00e9 suppl\u00e9mentaire pour prot\u00e9ger vos biens, jetez un coup d&rsquo;\u0153il \u00e0 nos <a href=\"https:\/\/accessprotection1.com\/fr\/pellicules-securite-et-protection\/pellicules-securite\/\">pellicules de s\u00e9curit\u00e9 pour fen\u00eatres<\/a> qui peuvent \u00eatre combin\u00e9es avec des pellicules anti-graffiti pour une protection accrue. Nous offrons \u00e9galement des <a href=\"https:\/\/accessprotection1.com\/fr\/pellicule-solaire\/\">pellicules solaires<\/a> pour fen\u00eatres et des services de <a href=\"https:\/\/accessprotection1.com\/fr\/solutions-de-lindustrie\/pellicules-de-vitres-commerciales\/\">pellicules teint\u00e9es pour fen\u00eatres commerciales<\/a> pour les entreprises et les propri\u00e9taires r\u00e9sidentiels qui cherchent \u00e0 r\u00e9soudre les probl\u00e8mes li\u00e9s \u00e0 la chaleur, \u00e0 l&rsquo;\u00e9blouissement, \u00e0 l&rsquo;intimit\u00e9 et \u00e0 la s\u00e9curit\u00e9.<\/p>\n<h2 style=\"color: rgb(66, 66, 66); margin-bottom: 0px !important;\">Demandez \u00e0 un expert :<\/h2>\n<p style=\"color: rgb(66, 66, 66);\">Nous pouvons vous aider \u00e0 choisir la bonne option de pellicule de vitre<\/p>\n<p><a href=\"https:\/\/accessprotection1.com\/fr\/estimation-gratuite\/\" style=\"text-decoration:none;font-size:20px\">APPELEZ-NOUS D\u00c8S AUJOURD&rsquo;HUI POUR UNE ESTIMATION GRATUITE<\/a><span style=\"font-size:26px;font-weight:bold;\"><a onclick=\"gtag('event', 'click', {'event_category': 'Footer Phone Number', 'event_label': 'Phone Number Clicked', 'value': '0'});\" style=\"margin-top: 40px;text-decoration:none;\" href=\"tel:289-769-9507\">289.769.9507<\/a> | <a onclick=\"gtag('event', 'click', {'event_category': 'Footer Phone Number', 'event_label': 'Phone Number Clicked', 'value': '0'});\" style=\"margin-top: 40px;text-decoration:none;\" href=\"tel:514.616.2900\">514.616.2900<\/a><\/span><\/p>\n","protected":false},"excerpt":{"rendered":"<p>Pellicules anti-graffiti pour fen\u00eatres Principales utilisations Pr\u00e9vient les dommages caus\u00e9s aux fen\u00eatres par la peinture et les gravures. Apparence Transparente et en diff\u00e9rentes \u00e9paisseurs Installation fen\u00eatres ext\u00e9rieures ou surfaces lisses Garantie 3 ans Les pellicules anti-graffiti pour fen\u00eatres constituent une solution efficace et abordable pour les propri\u00e9taires de b\u00e2timents, les compagnies de transport et les [&hellip;]<\/p>\n","protected":false},"author":1,"featured_media":0,"parent":2050,"menu_order":3,"comment_status":"closed","ping_status":"closed","template":"","meta":{"footnotes":""},"class_list":["post-2054","page","type-page","status-publish","hentry"],"_links":{"self":[{"href":"https:\/\/accessprotection1.com\/fr\/wp-json\/wp\/v2\/pages\/2054","targetHints":{"allow":["GET"]}}],"collection":[{"href":"https:\/\/accessprotection1.com\/fr\/wp-json\/wp\/v2\/pages"}],"about":[{"href":"https:\/\/accessprotection1.com\/fr\/wp-json\/wp\/v2\/types\/page"}],"author":[{"embeddable":true,"href":"https:\/\/accessprotection1.com\/fr\/wp-json\/wp\/v2\/users\/1"}],"replies":[{"embeddable":true,"href":"https:\/\/accessprotection1.com\/fr\/wp-json\/wp\/v2\/comments?post=2054"}],"version-history":[{"count":0,"href":"https:\/\/accessprotection1.com\/fr\/wp-json\/wp\/v2\/pages\/2054\/revisions"}],"up":[{"embeddable":true,"href":"https:\/\/accessprotection1.com\/fr\/wp-json\/wp\/v2\/pages\/2050"}],"wp:attachment":[{"href":"https:\/\/accessprotection1.com\/fr\/wp-json\/wp\/v2\/media?parent=2054"}],"curies":[{"name":"wp","href":"https:\/\/api.w.org\/{rel}","templated":true}]}}